{"id":810,"date":"2021-12-05T18:27:32","date_gmt":"2021-12-05T17:27:32","guid":{"rendered":"https:\/\/www.valhergo.fr\/?page_id=810"},"modified":"2025-02-08T17:16:36","modified_gmt":"2025-02-08T16:16:36","slug":"problematiques-adultes","status":"publish","type":"page","link":"https:\/\/www.valhergo.fr\/?page_id=810","title":{"rendered":"Probl\u00e9matiques Adultes"},"content":{"rendered":"\n<h1 class=\"wp-block-heading has-medium-font-size\">Le cabinet <strong>accompagne r\u00e9guli\u00e8rement des adultes<\/strong> pr\u00e9sentant des probl\u00e9matiques au c\u0153ur de leur vie quotidienne : <\/h1>\n\n\n\n<figure class=\"wp-block-image size-large\"><a href=\"https:\/\/www.valhergo.fr\/wp-content\/uploads\/2021\/12\/adulte.jpg\" target=\"_blank\" rel=\"noopener\"><img loading=\"lazy\" decoding=\"async\" width=\"1024\" height=\"723\" src=\"https:\/\/www.valhergo.fr\/wp-content\/uploads\/2021\/12\/adulte-1024x723.jpg\" alt=\"\" class=\"wp-image-811\" srcset=\"https:\/\/www.valhergo.fr\/wp-content\/uploads\/2021\/12\/adulte-1024x723.jpg 1024w, https:\/\/www.valhergo.fr\/wp-content\/uploads\/2021\/12\/adulte-300x212.jpg 300w, https:\/\/www.valhergo.fr\/wp-content\/uploads\/2021\/12\/adulte-768x542.jpg 768w, https:\/\/www.valhergo.fr\/wp-content\/uploads\/2021\/12\/adulte.jpg 1118w\" sizes=\"auto, (max-width: 767px) 89vw, (max-width: 1000px) 54vw, (max-width: 1071px) 543px, 580px\" \/><\/a><\/figure>\n\n\n\n<figure class=\"wp-block-image size-large\"><a href=\"https:\/\/www.valhergo.fr\/wp-content\/uploads\/2021\/12\/adulte2.jpg\" target=\"_blank\" rel=\"noopener\"><img loading=\"lazy\" decoding=\"async\" width=\"1024\" height=\"726\" src=\"https:\/\/www.valhergo.fr\/wp-content\/uploads\/2021\/12\/adulte2-1024x726.jpg\" alt=\"\" class=\"wp-image-812\" srcset=\"https:\/\/www.valhergo.fr\/wp-content\/uploads\/2021\/12\/adulte2-1024x726.jpg 1024w, https:\/\/www.valhergo.fr\/wp-content\/uploads\/2021\/12\/adulte2-300x213.jpg 300w, https:\/\/www.valhergo.fr\/wp-content\/uploads\/2021\/12\/adulte2-768x545.jpg 768w, https:\/\/www.valhergo.fr\/wp-content\/uploads\/2021\/12\/adulte2.jpg 1114w\" sizes=\"auto, (max-width: 767px) 89vw, (max-width: 1000px) 54vw, (max-width: 1071px) 543px, 580px\" \/><\/a><\/figure>\n\n\n\n<p>Il peut notamment \u00eatre abord\u00e9 : <\/p>\n\n\n\n<ul class=\"wp-block-list\">\n<li>La r\u00e9\u00e9ducation\/r\u00e9adaptation apr\u00e8s un AVC, un traumatisme, ou encore en cas de douleurs dorsales chroniques par exemple, <\/li>\n\n\n\n<li>L&rsquo;installation au lit, au fauteuil, <\/li>\n\n\n\n<li>La mise en place d&rsquo;un fauteuil roulant manuel\/\u00e9lectrique, d&rsquo;un scooter \u00e9lectrique,<\/li>\n\n\n\n<li>La pr\u00e9vention des chutes,<\/li>\n\n\n\n<li>L&rsquo;am\u00e9nagement du domicile, du poste de travail,  <\/li>\n\n\n\n<li>L&rsquo;am\u00e9nagement d&rsquo;un v\u00e9hicule, avec essai aupr\u00e8s d&rsquo;une auto-\u00e9cole sp\u00e9cialis\u00e9e. <\/li>\n<\/ul>\n\n\n\n<p><\/p>\n","protected":false},"excerpt":{"rendered":"<p>Le cabinet accompagne r\u00e9guli\u00e8rement des adultes pr\u00e9sentant des probl\u00e9matiques au c\u0153ur de leur vie quotidienne : Il peut notamment \u00eatre abord\u00e9 :<\/p>\n","protected":false},"author":1,"featured_media":0,"parent":0,"menu_order":0,"comment_status":"closed","ping_status":"closed","template":"","meta":{"footnotes":""},"class_list":["post-810","page","type-page","status-publish","hentry"],"_links":{"self":[{"href":"https:\/\/www.valhergo.fr\/index.php?rest_route=\/wp\/v2\/pages\/810","targetHints":{"allow":["GET"]}}],"collection":[{"href":"https:\/\/www.valhergo.fr\/index.php?rest_route=\/wp\/v2\/pages"}],"about":[{"href":"https:\/\/www.valhergo.fr\/index.php?rest_route=\/wp\/v2\/types\/page"}],"author":[{"embeddable":true,"href":"https:\/\/www.valhergo.fr\/index.php?rest_route=\/wp\/v2\/users\/1"}],"replies":[{"embeddable":true,"href":"https:\/\/www.valhergo.fr\/index.php?rest_route=%2Fwp%2Fv2%2Fcomments&post=810"}],"version-history":[{"count":8,"href":"https:\/\/www.valhergo.fr\/index.php?rest_route=\/wp\/v2\/pages\/810\/revisions"}],"predecessor-version":[{"id":1307,"href":"https:\/\/www.valhergo.fr\/index.php?rest_route=\/wp\/v2\/pages\/810\/revisions\/1307"}],"wp:attachment":[{"href":"https:\/\/www.valhergo.fr\/index.php?rest_route=%2Fwp%2Fv2%2Fmedia&parent=810"}],"curies":[{"name":"wp","href":"https:\/\/api.w.org\/{rel}","templated":true}]}}