{"id":794,"date":"2021-11-30T21:31:27","date_gmt":"2021-11-30T20:31:27","guid":{"rendered":"https:\/\/www.valhergo.fr\/?page_id=794"},"modified":"2025-12-11T09:44:00","modified_gmt":"2025-12-11T08:44:00","slug":"troubles-du-neurodeveloppement","status":"publish","type":"page","link":"https:\/\/www.valhergo.fr\/?page_id=794","title":{"rendered":"Probl\u00e9matiques Enfants et Adolescents"},"content":{"rendered":"\n<h1 class=\"wp-block-heading has-text-align-center has-medium-font-size\">Le cabinet <strong>accueille r\u00e9guli\u00e8rement<\/strong> <strong>des enfants, adolescents ou encore jeunes adultes <\/strong>pr\u00e9sentant :<\/h1>\n\n\n\n<p class=\"has-text-align-left\"><strong><mark style=\"background-color:rgba(0, 0, 0, 0);color:#038c83\" class=\"has-inline-color\">Des Troubles du Neuro-D\u00e9veloppement (TND) :<\/mark><\/strong><\/p>\n\n\n\n<ul class=\"wp-block-list\">\n<li><mark style=\"background-color:rgba(0, 0, 0, 0);color:#038c83\" class=\"has-inline-color\">TSLA&nbsp;: <\/mark>Troubles Sp\u00e9cifiques du Langage et des Apprentissages appel\u00e9s aussi troubles \u00ab\u00a0Dys\u00a0\u00bb <em>(Dysphasies, Dyslexies, ou Dyspraxies encore appel\u00e9es Trouble D\u00e9veloppemental de la Coordination aujourd&rsquo;hui),<\/em> Troubles des fonctions ex\u00e9cutives.<\/li>\n\n\n\n<li><mark style=\"background-color:rgba(0, 0, 0, 0);color:#038c83\" class=\"has-inline-color\">TDAH\u00a0: <\/mark>Trouble D\u00e9ficit d\u2019Attention avec Hyperactivit\u00e9\u00a0<\/li>\n\n\n\n<li><mark style=\"background-color:rgba(0, 0, 0, 0);color:#038c83\" class=\"has-inline-color\">TSA :<\/mark> Troubles du Spectre de l\u2019Autisme<\/li>\n\n\n\n<li><mark style=\"background-color:rgba(0, 0, 0, 0);color:#038c83\" class=\"has-inline-color\">TDI : <\/mark>Trouble du D\u00e9veloppement Intellectuel<\/li>\n<\/ul>\n\n\n\n<p class=\"has-text-align-left\"><strong><mark style=\"background-color:rgba(0, 0, 0, 0);color:#038c83\" class=\"has-inline-color\">Un Retard (Global) du D\u00e9veloppement (RD ou RGD)<\/mark><\/strong><\/p>\n\n\n\n<p class=\"has-text-align-left\"><strong><mark style=\"background-color:rgba(0, 0, 0, 0);color:#038c83\" class=\"has-inline-color\">Des Paralysies C\u00e9r\u00e9brales (PC) :<\/mark><\/strong><\/p>\n\n\n\n<ul class=\"wp-block-list\">\n<li><mark style=\"background-color:rgba(0, 0, 0, 0);color:#038c83\" class=\"has-inline-color\">IMC <\/mark>: Infirmit\u00e9 Motrice C\u00e9r\u00e9brale<\/li>\n\n\n\n<li><mark style=\"background-color:rgba(0, 0, 0, 0);color:#038c83\" class=\"has-inline-color\">IMOC : <\/mark>Infimit\u00e9 Motrice d\u2019Origine C\u00e9r\u00e9brale<\/li>\n\n\n\n<li><mark style=\"background-color:rgba(0, 0, 0, 0);color:#038c83\" class=\"has-inline-color\">Polyhandicaps <\/mark>d\u2019origine p\u00e9rinatale<\/li>\n<\/ul>\n\n\n\n<p class=\"has-text-align-left\"><strong><mark style=\"background-color:rgba(0, 0, 0, 0);color:#038c83\" class=\"has-inline-color\">Une H\u00e9mipar\u00e9sie ou H\u00e9mipl\u00e9gie<\/mark><\/strong><\/p>\n\n\n\n<p class=\"has-text-align-left\"><strong><mark style=\"background-color:rgba(0, 0, 0, 0);color:#038c83\" class=\"has-inline-color\">Une Maladie g\u00e9n\u00e9tique <\/mark><\/strong><\/p>\n\n\n\n<p class=\"has-text-align-left\"><mark style=\"background-color:rgba(0, 0, 0, 0);color:#038c83\" class=\"has-inline-color\"><strong>Des troubles du traitement de(s) information(s) sensorielle(s)<\/strong>,<\/mark> souvent avec autre pathologie associ\u00e9e.<\/p>\n\n\n\n<p><strong>Ma formation respectueuse <\/strong>des <mark style=\"background-color:rgba(0, 0, 0, 0);color:#038c83\" class=\"has-inline-color\">standards internationaux d\u00e9finis en 2017, des crit\u00e8res ASIFM<\/mark>, contenant donc plus de 125h r\u00e9alis\u00e9e au sein de l&rsquo;ANFE <em>(Association Nationale Fran\u00e7aise des Ergoth\u00e9rapeute), <\/em>avec des formatrices expertes et certifi\u00e9es en I.S., me permet de r\u00e9aliser un <strong><mark style=\"background-color:rgba(0, 0, 0, 0);color:#038c83\" class=\"has-inline-color\">bilan complet <\/mark>:<\/strong> entretien et observations cliniques orient\u00e9s, tests standardis\u00e9s et \u00e9talonn\u00e9s, questionnaires sp\u00e9cifiques.<\/p>\n\n\n\n<p class=\"has-white-color has-text-color has-link-color wp-elements-c4d734faba9f96fc24cfa45b19af7a84\">&#8212;&#8211;<\/p>\n\n\n\n<h1 class=\"wp-block-heading has-text-align-center has-medium-font-size\">Les \u00e9valuations comme activit\u00e9s propos\u00e9es sont alors bas\u00e9es sur <mark style=\"background-color:rgba(0, 0, 0, 0);color:#038c83\" class=\"has-inline-color\"><strong>diff\u00e9rents types d&rsquo;approches\/th\u00e9rapies\/m\u00e9thodes<\/strong>,<\/mark> afin de tenter r\u00e9pondre aux mieux aux <strong><mark style=\"background-color:rgba(0, 0, 0, 0);color:#038c83\" class=\"has-inline-color\">besoins de chacun<\/mark><\/strong>, et dans la mesure du possible, en collaboration avec la <mark style=\"background-color:rgba(0, 0, 0, 0);color:#038c83\" class=\"has-inline-color\">famille <\/mark>comme les <mark style=\"background-color:rgba(0, 0, 0, 0);color:#038c83\" class=\"has-inline-color\">autres professionnels<\/mark> gravitant autour du jeune.    <\/h1>\n\n\n\n<p class=\"has-text-align-center\" style=\"font-size:16px\"><strong><mark style=\"background-color:rgba(0, 0, 0, 0);color:#038c83\" class=\"has-inline-color\">Exemples d&rsquo;approches\/th\u00e9rapies\/m\u00e9thodes utilisables au sein du cabinet : <\/mark><\/strong>La <strong>Pyramide du D\u00e9veloppement<\/strong> (de Williams et Shellenberger), la <strong>Th\u00e9orie d&rsquo;Int\u00e9gration Sensorielle selon A. J. Ayres<\/strong>, les <strong>SBI <\/strong>(Sensory-Based Interventions), <strong>MCRO <\/strong>(Mesure Canadienne du Rendement Occupationnel), <strong>CO-OP<\/strong> (Cognitive Orientation to daily Occupational Performance), <strong>Cog Fun<\/strong> (Cognitive Functional intervention),  <strong>TED<\/strong> (Th\u00e9rapie d&rsquo;Echange et de D\u00e9veloppement), <strong>TEACCH<\/strong> (Treatment and Education of Autistic and related Communication Handicapped Children), <strong>ABA<\/strong> (Applied Behaviour Analysis), Mod\u00e8le\/Grilles <strong>ABC, PECS<\/strong> (Picture exchange communication system), <strong>Education Th\u00e9rapeutique<\/strong>, <strong>ABC Boum +<\/strong>, etc.<\/p>\n\n\n\n<p><\/p>\n\n\n\n<h2 class=\"wp-block-heading has-text-align-center\">Concr\u00e8tement que peut-il <strong>se passer en s\u00e9ances<\/strong> ?  Voil\u00e0 quelques photos <em>(n&rsquo;h\u00e9sitez pas \u00e0 cliquer dessus pour les agrandir) : <\/em><\/h2>\n\n\n<div class=\"wp-block-image\">\n<figure class=\"aligncenter size-large\"><a href=\"https:\/\/www.valhergo.fr\/wp-content\/uploads\/2023\/09\/2.jpg\" target=\"_blank\" rel=\"noreferrer noopener\"><img loading=\"lazy\" decoding=\"async\" width=\"1024\" height=\"679\" src=\"https:\/\/www.valhergo.fr\/wp-content\/uploads\/2023\/09\/2-1024x679.jpg\" alt=\"\" class=\"wp-image-1036\" srcset=\"https:\/\/www.valhergo.fr\/wp-content\/uploads\/2023\/09\/2-1024x679.jpg 1024w, https:\/\/www.valhergo.fr\/wp-content\/uploads\/2023\/09\/2-300x199.jpg 300w, https:\/\/www.valhergo.fr\/wp-content\/uploads\/2023\/09\/2-768x509.jpg 768w, https:\/\/www.valhergo.fr\/wp-content\/uploads\/2023\/09\/2-1536x1018.jpg 1536w, https:\/\/www.valhergo.fr\/wp-content\/uploads\/2023\/09\/2.jpg 1574w\" sizes=\"auto, (max-width: 767px) 89vw, (max-width: 1000px) 54vw, (max-width: 1071px) 543px, 580px\" \/><\/a><\/figure><\/div>\n\n<div class=\"wp-block-image\">\n<figure class=\"aligncenter size-large\"><a href=\"https:\/\/www.valhergo.fr\/wp-content\/uploads\/2023\/09\/1.jpg\" target=\"_blank\" rel=\"noreferrer noopener\"><img loading=\"lazy\" decoding=\"async\" width=\"1024\" height=\"810\" src=\"https:\/\/www.valhergo.fr\/wp-content\/uploads\/2023\/09\/1-1024x810.jpg\" alt=\"\" class=\"wp-image-1035\" srcset=\"https:\/\/www.valhergo.fr\/wp-content\/uploads\/2023\/09\/1-1024x810.jpg 1024w, https:\/\/www.valhergo.fr\/wp-content\/uploads\/2023\/09\/1-300x237.jpg 300w, https:\/\/www.valhergo.fr\/wp-content\/uploads\/2023\/09\/1-768x607.jpg 768w, https:\/\/www.valhergo.fr\/wp-content\/uploads\/2023\/09\/1-1536x1215.jpg 1536w, https:\/\/www.valhergo.fr\/wp-content\/uploads\/2023\/09\/1.jpg 1645w\" sizes=\"auto, (max-width: 767px) 89vw, (max-width: 1000px) 54vw, (max-width: 1071px) 543px, 580px\" \/><\/a><\/figure><\/div>\n\n<div class=\"wp-block-image\">\n<figure class=\"aligncenter size-large\"><a href=\"https:\/\/www.valhergo.fr\/wp-content\/uploads\/2023\/09\/3.jpg\" target=\"_blank\" rel=\"noreferrer noopener\"><img loading=\"lazy\" decoding=\"async\" width=\"1024\" height=\"289\" src=\"https:\/\/www.valhergo.fr\/wp-content\/uploads\/2023\/09\/3-1024x289.jpg\" alt=\"\" class=\"wp-image-1037\" srcset=\"https:\/\/www.valhergo.fr\/wp-content\/uploads\/2023\/09\/3-1024x289.jpg 1024w, https:\/\/www.valhergo.fr\/wp-content\/uploads\/2023\/09\/3-300x85.jpg 300w, https:\/\/www.valhergo.fr\/wp-content\/uploads\/2023\/09\/3-768x217.jpg 768w, https:\/\/www.valhergo.fr\/wp-content\/uploads\/2023\/09\/3-1536x433.jpg 1536w, https:\/\/www.valhergo.fr\/wp-content\/uploads\/2023\/09\/3.jpg 1737w\" sizes=\"auto, (max-width: 767px) 89vw, (max-width: 1000px) 54vw, (max-width: 1071px) 543px, 580px\" \/><\/a><\/figure><\/div>\n\n<div class=\"wp-block-image\">\n<figure class=\"aligncenter size-large\"><a href=\"https:\/\/www.valhergo.fr\/wp-content\/uploads\/2023\/09\/41.jpg\" target=\"_blank\" rel=\"noreferrer noopener\"><img loading=\"lazy\" decoding=\"async\" width=\"1024\" height=\"663\" src=\"https:\/\/www.valhergo.fr\/wp-content\/uploads\/2023\/09\/41-1024x663.jpg\" alt=\"\" class=\"wp-image-1045\" srcset=\"https:\/\/www.valhergo.fr\/wp-content\/uploads\/2023\/09\/41-1024x663.jpg 1024w, https:\/\/www.valhergo.fr\/wp-content\/uploads\/2023\/09\/41-300x194.jpg 300w, https:\/\/www.valhergo.fr\/wp-content\/uploads\/2023\/09\/41-768x497.jpg 768w, https:\/\/www.valhergo.fr\/wp-content\/uploads\/2023\/09\/41-1536x994.jpg 1536w, https:\/\/www.valhergo.fr\/wp-content\/uploads\/2023\/09\/41.jpg 1701w\" sizes=\"auto, (max-width: 767px) 89vw, (max-width: 1000px) 54vw, (max-width: 1071px) 543px, 580px\" \/><\/a><\/figure><\/div>\n\n<div class=\"wp-block-image\">\n<figure class=\"aligncenter size-large\"><a href=\"https:\/\/www.valhergo.fr\/wp-content\/uploads\/2023\/09\/51.jpg\" target=\"_blank\" rel=\"noreferrer noopener\"><img loading=\"lazy\" decoding=\"async\" width=\"1024\" height=\"571\" src=\"https:\/\/www.valhergo.fr\/wp-content\/uploads\/2023\/09\/51-1024x571.jpg\" alt=\"\" class=\"wp-image-1044\" srcset=\"https:\/\/www.valhergo.fr\/wp-content\/uploads\/2023\/09\/51-1024x571.jpg 1024w, https:\/\/www.valhergo.fr\/wp-content\/uploads\/2023\/09\/51-300x167.jpg 300w, https:\/\/www.valhergo.fr\/wp-content\/uploads\/2023\/09\/51-768x428.jpg 768w, https:\/\/www.valhergo.fr\/wp-content\/uploads\/2023\/09\/51-1536x857.jpg 1536w, https:\/\/www.valhergo.fr\/wp-content\/uploads\/2023\/09\/51.jpg 1813w\" sizes=\"auto, (max-width: 767px) 89vw, (max-width: 1000px) 54vw, (max-width: 1071px) 543px, 580px\" \/><\/a><\/figure><\/div>\n\n<div class=\"wp-block-image\">\n<figure class=\"aligncenter size-full\"><a href=\"https:\/\/www.valhergo.fr\/wp-content\/uploads\/2023\/02\/image-3.png\" target=\"_blank\" rel=\"noreferrer noopener\"><img loading=\"lazy\" decoding=\"async\" width=\"1024\" height=\"447\" src=\"https:\/\/www.valhergo.fr\/wp-content\/uploads\/2023\/02\/image-3.png\" alt=\"\" class=\"wp-image-973\" srcset=\"https:\/\/www.valhergo.fr\/wp-content\/uploads\/2023\/02\/image-3.png 1024w, https:\/\/www.valhergo.fr\/wp-content\/uploads\/2023\/02\/image-3-300x131.png 300w, https:\/\/www.valhergo.fr\/wp-content\/uploads\/2023\/02\/image-3-768x335.png 768w\" sizes=\"auto, (max-width: 767px) 89vw, (max-width: 1000px) 54vw, (max-width: 1071px) 543px, 580px\" \/><\/a><\/figure><\/div>\n\n<div class=\"wp-block-image\">\n<figure class=\"aligncenter size-large\"><a href=\"https:\/\/www.valhergo.fr\/wp-content\/uploads\/2021\/11\/Dys1-1.png\" target=\"_blank\" rel=\"noopener\"><img loading=\"lazy\" decoding=\"async\" width=\"1024\" height=\"724\" src=\"https:\/\/www.valhergo.fr\/wp-content\/uploads\/2021\/11\/Dys1-1-1024x724.png\" alt=\"\" class=\"wp-image-804\" srcset=\"https:\/\/www.valhergo.fr\/wp-content\/uploads\/2021\/11\/Dys1-1-1024x724.png 1024w, https:\/\/www.valhergo.fr\/wp-content\/uploads\/2021\/11\/Dys1-1-300x212.png 300w, https:\/\/www.valhergo.fr\/wp-content\/uploads\/2021\/11\/Dys1-1-768x543.png 768w, https:\/\/www.valhergo.fr\/wp-content\/uploads\/2021\/11\/Dys1-1.png 1116w\" sizes=\"auto, (max-width: 767px) 89vw, (max-width: 1000px) 54vw, (max-width: 1071px) 543px, 580px\" \/><\/a><\/figure><\/div>\n\n<div class=\"wp-block-image\">\n<figure class=\"aligncenter size-large\"><a href=\"https:\/\/www.valhergo.fr\/wp-content\/uploads\/2023\/04\/box1.png\" target=\"_blank\" rel=\"noreferrer noopener\"><img loading=\"lazy\" decoding=\"async\" width=\"1024\" height=\"678\" src=\"https:\/\/www.valhergo.fr\/wp-content\/uploads\/2023\/04\/box1-1024x678.png\" alt=\"\" class=\"wp-image-997\" srcset=\"https:\/\/www.valhergo.fr\/wp-content\/uploads\/2023\/04\/box1-1024x678.png 1024w, https:\/\/www.valhergo.fr\/wp-content\/uploads\/2023\/04\/box1-300x199.png 300w, https:\/\/www.valhergo.fr\/wp-content\/uploads\/2023\/04\/box1-768x509.png 768w, https:\/\/www.valhergo.fr\/wp-content\/uploads\/2023\/04\/box1.png 1111w\" sizes=\"auto, (max-width: 767px) 89vw, (max-width: 1000px) 54vw, (max-width: 1071px) 543px, 580px\" \/><\/a><\/figure><\/div>\n\n<div class=\"wp-block-image\">\n<figure class=\"aligncenter size-large\"><a href=\"https:\/\/www.valhergo.fr\/wp-content\/uploads\/2023\/04\/box2.png\" target=\"_blank\" rel=\"noreferrer noopener\"><img loading=\"lazy\" decoding=\"async\" width=\"1024\" height=\"697\" src=\"https:\/\/www.valhergo.fr\/wp-content\/uploads\/2023\/04\/box2-1024x697.png\" alt=\"\" class=\"wp-image-998\" srcset=\"https:\/\/www.valhergo.fr\/wp-content\/uploads\/2023\/04\/box2-1024x697.png 1024w, https:\/\/www.valhergo.fr\/wp-content\/uploads\/2023\/04\/box2-300x204.png 300w, https:\/\/www.valhergo.fr\/wp-content\/uploads\/2023\/04\/box2-768x523.png 768w, https:\/\/www.valhergo.fr\/wp-content\/uploads\/2023\/04\/box2.png 1095w\" sizes=\"auto, (max-width: 767px) 89vw, (max-width: 1000px) 54vw, (max-width: 1071px) 543px, 580px\" \/><\/a><\/figure><\/div>\n\n<div class=\"wp-block-image\">\n<figure class=\"aligncenter size-large\"><a href=\"https:\/\/www.valhergo.fr\/wp-content\/uploads\/2021\/11\/TSA.png\" target=\"_blank\" rel=\"noopener\"><img loading=\"lazy\" decoding=\"async\" width=\"1024\" height=\"722\" src=\"https:\/\/www.valhergo.fr\/wp-content\/uploads\/2021\/11\/TSA-1024x722.png\" alt=\"\" class=\"wp-image-799\" srcset=\"https:\/\/www.valhergo.fr\/wp-content\/uploads\/2021\/11\/TSA-1024x722.png 1024w, https:\/\/www.valhergo.fr\/wp-content\/uploads\/2021\/11\/TSA-300x212.png 300w, https:\/\/www.valhergo.fr\/wp-content\/uploads\/2021\/11\/TSA-768x542.png 768w, https:\/\/www.valhergo.fr\/wp-content\/uploads\/2021\/11\/TSA.png 1119w\" sizes=\"auto, (max-width: 767px) 89vw, (max-width: 1000px) 54vw, (max-width: 1071px) 543px, 580px\" \/><\/a><\/figure><\/div>\n\n<div class=\"wp-block-image\">\n<figure class=\"aligncenter size-large\"><a href=\"https:\/\/www.valhergo.fr\/wp-content\/uploads\/2021\/11\/Dys2.png\" target=\"_blank\" rel=\"noopener\"><img loading=\"lazy\" decoding=\"async\" width=\"1024\" height=\"723\" src=\"https:\/\/www.valhergo.fr\/wp-content\/uploads\/2021\/11\/Dys2-1024x723.png\" alt=\"\" class=\"wp-image-805\" srcset=\"https:\/\/www.valhergo.fr\/wp-content\/uploads\/2021\/11\/Dys2-1024x723.png 1024w, https:\/\/www.valhergo.fr\/wp-content\/uploads\/2021\/11\/Dys2-300x212.png 300w, https:\/\/www.valhergo.fr\/wp-content\/uploads\/2021\/11\/Dys2-768x542.png 768w, https:\/\/www.valhergo.fr\/wp-content\/uploads\/2021\/11\/Dys2.png 1115w\" sizes=\"auto, (max-width: 767px) 89vw, (max-width: 1000px) 54vw, (max-width: 1071px) 543px, 580px\" \/><\/a><\/figure><\/div>\n\n\n<p><\/p>\n\n\n<div class=\"wp-block-image\">\n<figure class=\"aligncenter size-large\"><a href=\"https:\/\/www.valhergo.fr\/wp-content\/uploads\/2022\/04\/1.jpg\" target=\"_blank\" rel=\"noopener\"><img loading=\"lazy\" decoding=\"async\" width=\"1024\" height=\"756\" src=\"https:\/\/www.valhergo.fr\/wp-content\/uploads\/2022\/04\/1-1024x756.jpg\" alt=\"\" class=\"wp-image-865\" srcset=\"https:\/\/www.valhergo.fr\/wp-content\/uploads\/2022\/04\/1-1024x756.jpg 1024w, https:\/\/www.valhergo.fr\/wp-content\/uploads\/2022\/04\/1-300x222.jpg 300w, https:\/\/www.valhergo.fr\/wp-content\/uploads\/2022\/04\/1-768x567.jpg 768w, https:\/\/www.valhergo.fr\/wp-content\/uploads\/2022\/04\/1.jpg 1133w\" sizes=\"auto, (max-width: 767px) 89vw, (max-width: 1000px) 54vw, (max-width: 1071px) 543px, 580px\" \/><\/a><\/figure><\/div>\n\n<div class=\"wp-block-image\">\n<figure class=\"aligncenter size-large\"><a href=\"https:\/\/www.valhergo.fr\/wp-content\/uploads\/2022\/04\/2.jpg\" target=\"_blank\" rel=\"noopener\"><img loading=\"lazy\" decoding=\"async\" width=\"1024\" height=\"624\" src=\"https:\/\/www.valhergo.fr\/wp-content\/uploads\/2022\/04\/2-1024x624.jpg\" alt=\"\" class=\"wp-image-866\" srcset=\"https:\/\/www.valhergo.fr\/wp-content\/uploads\/2022\/04\/2-1024x624.jpg 1024w, https:\/\/www.valhergo.fr\/wp-content\/uploads\/2022\/04\/2-300x183.jpg 300w, https:\/\/www.valhergo.fr\/wp-content\/uploads\/2022\/04\/2-768x468.jpg 768w, https:\/\/www.valhergo.fr\/wp-content\/uploads\/2022\/04\/2.jpg 1191w\" sizes=\"auto, (max-width: 767px) 89vw, (max-width: 1000px) 54vw, (max-width: 1071px) 543px, 580px\" \/><\/a><\/figure><\/div>\n\n<div class=\"wp-block-image\">\n<figure class=\"aligncenter size-full\"><a href=\"https:\/\/www.valhergo.fr\/wp-content\/uploads\/2022\/06\/collage1.png\" target=\"_blank\" rel=\"noopener\"><img loading=\"lazy\" decoding=\"async\" width=\"991\" height=\"693\" src=\"https:\/\/www.valhergo.fr\/wp-content\/uploads\/2022\/06\/collage1.png\" alt=\"\" class=\"wp-image-883\" srcset=\"https:\/\/www.valhergo.fr\/wp-content\/uploads\/2022\/06\/collage1.png 991w, https:\/\/www.valhergo.fr\/wp-content\/uploads\/2022\/06\/collage1-300x210.png 300w, https:\/\/www.valhergo.fr\/wp-content\/uploads\/2022\/06\/collage1-768x537.png 768w\" sizes=\"auto, (max-width: 767px) 89vw, (max-width: 1000px) 54vw, (max-width: 1071px) 543px, 580px\" \/><\/a><\/figure><\/div>\n\n<div class=\"wp-block-image\">\n<figure class=\"aligncenter size-full\"><a href=\"https:\/\/www.valhergo.fr\/wp-content\/uploads\/2022\/06\/Capture-1.png\" target=\"_blank\" rel=\"noopener\"><img loading=\"lazy\" decoding=\"async\" width=\"975\" height=\"695\" src=\"https:\/\/www.valhergo.fr\/wp-content\/uploads\/2022\/06\/Capture-1.png\" alt=\"\" class=\"wp-image-887\" srcset=\"https:\/\/www.valhergo.fr\/wp-content\/uploads\/2022\/06\/Capture-1.png 975w, https:\/\/www.valhergo.fr\/wp-content\/uploads\/2022\/06\/Capture-1-300x214.png 300w, https:\/\/www.valhergo.fr\/wp-content\/uploads\/2022\/06\/Capture-1-768x547.png 768w\" sizes=\"auto, (max-width: 767px) 89vw, (max-width: 1000px) 54vw, (max-width: 1071px) 543px, 580px\" \/><\/a><\/figure><\/div>\n\n\n<p><\/p>\n","protected":false},"excerpt":{"rendered":"<p>Le cabinet accueille r\u00e9guli\u00e8rement des enfants, adolescents ou encore jeunes adultes pr\u00e9sentant : Des Troubles du Neuro-D\u00e9veloppement (TND) : Un Retard (Global) du D\u00e9veloppement (RD ou RGD) Des Paralysies C\u00e9r\u00e9brales (PC) : Une H\u00e9mipar\u00e9sie ou H\u00e9mipl\u00e9gie Une Maladie g\u00e9n\u00e9tique Des troubles du traitement de(s) information(s) sensorielle(s), souvent avec autre pathologie associ\u00e9e. Ma formation respectueuse des &hellip; <\/p>\n<p class=\"link-more\"><a href=\"https:\/\/www.valhergo.fr\/?page_id=794\" class=\"more-link\">Continuer la lecture<span class=\"screen-reader-text\"> de &laquo;&nbsp;Probl\u00e9matiques Enfants et Adolescents&nbsp;&raquo;<\/span><\/a><\/p>\n","protected":false},"author":1,"featured_media":0,"parent":0,"menu_order":0,"comment_status":"closed","ping_status":"closed","template":"","meta":{"footnotes":""},"class_list":["post-794","page","type-page","status-publish","hentry"],"_links":{"self":[{"href":"https:\/\/www.valhergo.fr\/index.php?rest_route=\/wp\/v2\/pages\/794","targetHints":{"allow":["GET"]}}],"collection":[{"href":"https:\/\/www.valhergo.fr\/index.php?rest_route=\/wp\/v2\/pages"}],"about":[{"href":"https:\/\/www.valhergo.fr\/index.php?rest_route=\/wp\/v2\/types\/page"}],"author":[{"embeddable":true,"href":"https:\/\/www.valhergo.fr\/index.php?rest_route=\/wp\/v2\/users\/1"}],"replies":[{"embeddable":true,"href":"https:\/\/www.valhergo.fr\/index.php?rest_route=%2Fwp%2Fv2%2Fcomments&post=794"}],"version-history":[{"count":34,"href":"https:\/\/www.valhergo.fr\/index.php?rest_route=\/wp\/v2\/pages\/794\/revisions"}],"predecessor-version":[{"id":1350,"href":"https:\/\/www.valhergo.fr\/index.php?rest_route=\/wp\/v2\/pages\/794\/revisions\/1350"}],"wp:attachment":[{"href":"https:\/\/www.valhergo.fr\/index.php?rest_route=%2Fwp%2Fv2%2Fmedia&parent=794"}],"curies":[{"name":"wp","href":"https:\/\/api.w.org\/{rel}","templated":true}]}}