{"id":782,"date":"2021-11-10T15:21:48","date_gmt":"2021-11-10T14:21:48","guid":{"rendered":"https:\/\/www.valhergo.fr\/?page_id=782"},"modified":"2026-03-05T13:44:44","modified_gmt":"2026-03-05T12:44:44","slug":"le-cabinet","status":"publish","type":"page","link":"https:\/\/www.valhergo.fr\/?page_id=782","title":{"rendered":"Le Cabinet"},"content":{"rendered":"\n<h2 class=\"wp-block-heading\"><mark style=\"background-color:rgba(0, 0, 0, 0)\" class=\"has-inline-color has-black-color\">La cabinet d&rsquo;ergoth\u00e9rapie ValHergO est ouvert depuis 2017<\/mark>,<\/h2>\n\n\n\n<h2 class=\"wp-block-heading\"><mark style=\"background-color:rgba(0, 0, 0, 0)\" class=\"has-inline-color has-black-color\">Il accueille : <\/mark><\/h2>\n\n\n\n<p class=\"has-text-align-left\"><strong>Des <mark style=\"background-color:rgba(0, 0, 0, 0);color:#038c83\" class=\"has-inline-color\">patients de tous \u00e2ges<\/mark> <\/strong>(enfants, adolescents, jeunes adultes, adultes et personne \u00e2g\u00e9e), <strong>et pour <mark style=\"background-color:rgba(0, 0, 0, 0);color:#038c83\" class=\"has-inline-color\">tout type de probl\u00e9matique <\/mark>impactant les activit\u00e9s de vie quotidienne de la personne.<\/strong><\/p>\n\n\n\n<h2 class=\"wp-block-heading has-text-align-left has-text-color has-link-color wp-elements-12eae25f2ef8fda9c611d08458a5e77d\" style=\"color:#079e99\"><mark style=\"background-color:rgba(0, 0, 0, 0)\" class=\"has-inline-color has-black-color\">Il travaille tr\u00e8s souvent en lien avec  :<\/mark><\/h2>\n\n\n\n<ul class=\"wp-block-list\">\n<li class=\"<!-- wp:list-item --&gt; <li&gt; l'<strong&gt;<mark style=&quot;background-color:rgba(0, 0, 0, 0);color:#038c83&quot; class=&quot;has-inline-color&quot;&gt;ESP CLAP <strong&gt;Vie et Sant\u00e9 du Pays de Saint Gilles<\/strong&gt;<\/mark&gt; <\/strong&gt;(Equipe de Soins Primaires Coordonn\u00e9es Localement Autour du Patient),<\/li&gt; <!-- \/wp:list-item --&gt;\"><mark style=\"background-color:rgba(0, 0, 0, 0);color:#038c83\" class=\"has-inline-color\"><strong>L&rsquo; association <\/strong><\/mark><strong><a href=\"https:\/\/apedys85.org\/\" data-type=\"link\" data-id=\"https:\/\/apedys85.org\/\" target=\"_blank\" rel=\"noreferrer noopener\"><mark style=\"background-color:rgba(0, 0, 0, 0);color:#038c83\" class=\"has-inline-color\">Apedys 85<\/mark><\/a><\/strong><mark style=\"background-color:rgba(0, 0, 0, 0);color:#038c83\" class=\"has-inline-color\">,<\/mark><\/li>\n\n\n\n<li class=\"<!-- wp:list-item --&gt; <li&gt; l'<strong&gt;<mark style=&quot;background-color:rgba(0, 0, 0, 0);color:#038c83&quot; class=&quot;has-inline-color&quot;&gt;ESP CLAP <strong&gt;Vie et Sant\u00e9 du Pays de Saint Gilles<\/strong&gt;<\/mark&gt; <\/strong&gt;(Equipe de Soins Primaires Coordonn\u00e9es Localement Autour du Patient),<\/li&gt; <!-- \/wp:list-item --&gt;\">Les <mark style=\"background-color:rgba(0, 0, 0, 0);color:#038c83\" class=\"has-inline-color\"><strong>revendeurs de mat\u00e9riels m\u00e9dical<\/strong> <\/mark><mark style=\"background-color:rgba(0, 0, 0, 0)\" class=\"has-inline-color has-black-color\">du secteur<\/mark>,<\/li>\n\n\n\n<li class=\"<!-- wp:list-item --&gt; <li&gt; l'<strong&gt;<mark style=&quot;background-color:rgba(0, 0, 0, 0);color:#038c83&quot; class=&quot;has-inline-color&quot;&gt;ESP CLAP <strong&gt;Vie et Sant\u00e9 du Pays de Saint Gilles<\/strong&gt;<\/mark&gt; <\/strong&gt;(Equipe de Soins Primaires Coordonn\u00e9es Localement Autour du Patient),<\/li&gt; <!-- \/wp:list-item --&gt;\"><a href=\"https:\/\/www.hadvendee.com\/\" data-type=\"link\" data-id=\"https:\/\/www.hadvendee.com\/\" target=\"_blank\" rel=\"noreferrer noopener\"><mark style=\"background-color:rgba(0, 0, 0, 0);color:#038c83\" class=\"has-inline-color\">L&rsquo;<strong>HAD Vend\u00e9e<\/strong><\/mark><\/a>,<\/li>\n\n\n\n<li class=\"<!-- wp:list-item --&gt; <li&gt; l'<strong&gt;<mark style=&quot;background-color:rgba(0, 0, 0, 0);color:#038c83&quot; class=&quot;has-inline-color&quot;&gt;ESP CLAP <strong&gt;Vie et Sant\u00e9 du Pays de Saint Gilles<\/strong&gt;<\/mark&gt; <\/strong&gt;(Equipe de Soins Primaires Coordonn\u00e9es Localement Autour du Patient),<\/li&gt; <!-- \/wp:list-item --&gt;\">Les <mark style=\"background-color:rgba(0, 0, 0, 0);color:#038c83\" class=\"has-inline-color\"><strong>SESSAD<\/strong> <\/mark>(Service d\u2019Education Sp\u00e9cialis\u00e9e et de Soins \u00e0 Domicile), <mark style=\"background-color:rgba(0, 0, 0, 0);color:#038c83\" class=\"has-inline-color\"><strong>SSEFIS<\/strong><\/mark> (Service Soutien Education Familiale et Int\u00e9gration Scolaire), <strong><mark style=\"background-color:rgba(0, 0, 0, 0);color:#038c83\" class=\"has-inline-color\">SAAAIS<\/mark><\/strong> (Service d\u2019Aide \u00e0 l\u2019Acquisition de l\u2019Autonomie et \u00e0 l\u2019Int\u00e9gration Scolaire), <strong><mark style=\"background-color:rgba(0, 0, 0, 0);color:#038c83\" class=\"has-inline-color\">ESAT <\/mark><\/strong>(\u00c9tablissement et service d&rsquo;accompagnement par le travail) <\/li>\n\n\n\n<li class=\"<!-- wp:list-item --&gt; <li&gt; l'<strong&gt;<mark style=&quot;background-color:rgba(0, 0, 0, 0);color:#038c83&quot; class=&quot;has-inline-color&quot;&gt;ESP CLAP <strong&gt;Vie et Sant\u00e9 du Pays de Saint Gilles<\/strong&gt;<\/mark&gt; <\/strong&gt;(Equipe de Soins Primaires Coordonn\u00e9es Localement Autour du Patient),<\/li&gt; <!-- \/wp:list-item --&gt;\">Les <strong><mark style=\"background-color:rgba(0, 0, 0, 0);color:#038c83\" class=\"has-inline-color\">autres professionnels de sant\u00e9<\/mark> <\/strong>du secteur,<\/li>\n\n\n\n<li class=\"<!-- wp:list-item --&gt; <li&gt; l'<strong&gt;<mark style=&quot;background-color:rgba(0, 0, 0, 0);color:#038c83&quot; class=&quot;has-inline-color&quot;&gt;ESP CLAP <strong&gt;Vie et Sant\u00e9 du Pays de Saint Gilles<\/strong&gt;<\/mark&gt; <\/strong&gt;(Equipe de Soins Primaires Coordonn\u00e9es Localement Autour du Patient),<\/li&gt; <!-- \/wp:list-item --&gt;\">Les <strong><mark style=\"background-color:rgba(0, 0, 0, 0);color:#038c83\" class=\"has-inline-color\">enseignants et AESH <\/mark><\/strong>du secteur,<\/li>\n<\/ul>\n\n\n\n<p><\/p>\n\n\n\n<h3 class=\"wp-block-heading\"><mark style=\"background-color:rgba(0, 0, 0, 0)\" class=\"has-inline-color has-black-color\">Au sein du <a href=\"https:\/\/www.linkedin.com\/company\/p%C3%B4le-sant%C3%A9-du-fenouiller\/?originalSubdomain=fr\" data-type=\"link\" data-id=\"https:\/\/www.linkedin.com\/company\/p%C3%B4le-sant%C3%A9-du-fenouiller\/?originalSubdomain=fr\" target=\"_blank\" rel=\"noreferrer noopener\">P\u00f4le Sant\u00e9 de LE FENOUILLER<\/a>, il est constitu\u00e9 de<\/mark> :<\/h3>\n\n\n\n<p><mark style=\"background-color:rgba(0, 0, 0, 0);color:#038c83\" class=\"has-inline-color\"><strong>Deux bureaux<\/strong>, <\/mark><mark style=\"background-color:rgba(0, 0, 0, 0)\" class=\"has-inline-color has-black-color\">situ\u00e9s au rez-de-chauss\u00e9e <\/mark><mark style=\"background-color:rgba(0, 0, 0, 0)\" class=\"has-inline-color has-black-color\"> : <\/mark><\/p>\n\n\n\n<ul class=\"wp-block-list\">\n<li><strong>un d&rsquo;environ 25 m\u00b2<\/strong>, avec une <mark style=\"background-color:rgba(0, 0, 0, 0);color:#038c83\" class=\"has-inline-color\"><strong>structure sp\u00e9cifique et unique pour la pratique de l&rsquo;Int\u00e9gration Sensorielle selon A. J. Ayres<\/strong><\/mark> notamment :<\/li>\n<\/ul>\n\n\n\n<figure class=\"wp-block-image size-large\"><a href=\"https:\/\/www.valhergo.fr\/wp-content\/uploads\/2021\/07\/2-scaled.jpg\" target=\"_blank\" rel=\"noopener\"><img loading=\"lazy\" decoding=\"async\" width=\"1024\" height=\"484\" src=\"https:\/\/www.valhergo.fr\/wp-content\/uploads\/2021\/07\/2-1024x484.jpg\" alt=\"\" class=\"wp-image-707\" srcset=\"https:\/\/www.valhergo.fr\/wp-content\/uploads\/2021\/07\/2-1024x484.jpg 1024w, https:\/\/www.valhergo.fr\/wp-content\/uploads\/2021\/07\/2-300x142.jpg 300w, https:\/\/www.valhergo.fr\/wp-content\/uploads\/2021\/07\/2-768x363.jpg 768w, https:\/\/www.valhergo.fr\/wp-content\/uploads\/2021\/07\/2-1536x725.jpg 1536w, https:\/\/www.valhergo.fr\/wp-content\/uploads\/2021\/07\/2-2048x967.jpg 2048w\" sizes=\"auto, (max-width: 767px) 89vw, (max-width: 1000px) 54vw, (max-width: 1071px) 543px, 580px\" \/><\/a><\/figure>\n\n\n<div class=\"wp-block-image\">\n<figure class=\"aligncenter size-large\"><a href=\"https:\/\/www.valhergo.fr\/wp-content\/uploads\/2022\/04\/IMG_20220412_083005__01-scaled.jpg\" target=\"_blank\" rel=\"noopener\"><img loading=\"lazy\" decoding=\"async\" width=\"1024\" height=\"519\" src=\"https:\/\/www.valhergo.fr\/wp-content\/uploads\/2022\/04\/IMG_20220412_083005__01-1024x519.jpg\" alt=\"\" class=\"wp-image-874\" srcset=\"https:\/\/www.valhergo.fr\/wp-content\/uploads\/2022\/04\/IMG_20220412_083005__01-1024x519.jpg 1024w, https:\/\/www.valhergo.fr\/wp-content\/uploads\/2022\/04\/IMG_20220412_083005__01-300x152.jpg 300w, https:\/\/www.valhergo.fr\/wp-content\/uploads\/2022\/04\/IMG_20220412_083005__01-768x390.jpg 768w, https:\/\/www.valhergo.fr\/wp-content\/uploads\/2022\/04\/IMG_20220412_083005__01-1536x779.jpg 1536w, https:\/\/www.valhergo.fr\/wp-content\/uploads\/2022\/04\/IMG_20220412_083005__01-2048x1039.jpg 2048w\" sizes=\"auto, (max-width: 767px) 89vw, (max-width: 1000px) 54vw, (max-width: 1071px) 543px, 580px\" \/><\/a><\/figure><\/div>\n\n\n<figure class=\"wp-block-image size-large\"><a href=\"https:\/\/www.valhergo.fr\/wp-content\/uploads\/2021\/11\/IMG_20211110_145500__01-scaled.jpg\" target=\"_blank\" rel=\"noopener\"><img loading=\"lazy\" decoding=\"async\" width=\"1024\" height=\"542\" src=\"https:\/\/www.valhergo.fr\/wp-content\/uploads\/2021\/11\/IMG_20211110_145500__01-1024x542.jpg\" alt=\"\" class=\"wp-image-784\" srcset=\"https:\/\/www.valhergo.fr\/wp-content\/uploads\/2021\/11\/IMG_20211110_145500__01-1024x542.jpg 1024w, https:\/\/www.valhergo.fr\/wp-content\/uploads\/2021\/11\/IMG_20211110_145500__01-300x159.jpg 300w, https:\/\/www.valhergo.fr\/wp-content\/uploads\/2021\/11\/IMG_20211110_145500__01-768x406.jpg 768w, https:\/\/www.valhergo.fr\/wp-content\/uploads\/2021\/11\/IMG_20211110_145500__01-1536x813.jpg 1536w, https:\/\/www.valhergo.fr\/wp-content\/uploads\/2021\/11\/IMG_20211110_145500__01-2048x1084.jpg 2048w\" sizes=\"auto, (max-width: 767px) 89vw, (max-width: 1000px) 54vw, (max-width: 1071px) 543px, 580px\" \/><\/a><\/figure>\n\n\n\n<figure class=\"wp-block-image size-large\"><a href=\"https:\/\/www.valhergo.fr\/wp-content\/uploads\/2021\/11\/IMG_20211110_145432__01-scaled.jpg\" target=\"_blank\" rel=\"noopener\"><img loading=\"lazy\" decoding=\"async\" width=\"1024\" height=\"361\" src=\"https:\/\/www.valhergo.fr\/wp-content\/uploads\/2021\/11\/IMG_20211110_145432__01-1024x361.jpg\" alt=\"\" class=\"wp-image-785\" srcset=\"https:\/\/www.valhergo.fr\/wp-content\/uploads\/2021\/11\/IMG_20211110_145432__01-1024x361.jpg 1024w, https:\/\/www.valhergo.fr\/wp-content\/uploads\/2021\/11\/IMG_20211110_145432__01-300x106.jpg 300w, https:\/\/www.valhergo.fr\/wp-content\/uploads\/2021\/11\/IMG_20211110_145432__01-768x271.jpg 768w, https:\/\/www.valhergo.fr\/wp-content\/uploads\/2021\/11\/IMG_20211110_145432__01-1536x541.jpg 1536w, https:\/\/www.valhergo.fr\/wp-content\/uploads\/2021\/11\/IMG_20211110_145432__01-2048x721.jpg 2048w\" sizes=\"auto, (max-width: 767px) 89vw, (max-width: 1000px) 54vw, (max-width: 1071px) 543px, 580px\" \/><\/a><\/figure>\n\n\n\n<ul class=\"wp-block-list\">\n<li><strong>un autre d\u2019environ 15 m\u00b2<\/strong>: <\/li>\n<\/ul>\n\n\n\n<figure class=\"wp-block-image size-large\"><a href=\"https:\/\/www.valhergo.fr\/wp-content\/uploads\/2021\/12\/IMG_20211214_132327__01-scaled.jpg\" target=\"_blank\" rel=\"noopener\"><img loading=\"lazy\" decoding=\"async\" width=\"1024\" height=\"484\" src=\"https:\/\/www.valhergo.fr\/wp-content\/uploads\/2021\/12\/IMG_20211214_132327__01-1024x484.jpg\" alt=\"\" class=\"wp-image-818\" srcset=\"https:\/\/www.valhergo.fr\/wp-content\/uploads\/2021\/12\/IMG_20211214_132327__01-1024x484.jpg 1024w, https:\/\/www.valhergo.fr\/wp-content\/uploads\/2021\/12\/IMG_20211214_132327__01-300x142.jpg 300w, https:\/\/www.valhergo.fr\/wp-content\/uploads\/2021\/12\/IMG_20211214_132327__01-768x363.jpg 768w, https:\/\/www.valhergo.fr\/wp-content\/uploads\/2021\/12\/IMG_20211214_132327__01-1536x725.jpg 1536w, https:\/\/www.valhergo.fr\/wp-content\/uploads\/2021\/12\/IMG_20211214_132327__01-2048x967.jpg 2048w\" sizes=\"auto, (max-width: 767px) 89vw, (max-width: 1000px) 54vw, (max-width: 1071px) 543px, 580px\" \/><\/a><\/figure>\n\n\n\n<figure class=\"wp-block-image size-large\"><a href=\"https:\/\/www.valhergo.fr\/wp-content\/uploads\/2021\/12\/IMG_20211214_132620__01-scaled.jpg\" target=\"_blank\" rel=\"noopener\"><img loading=\"lazy\" decoding=\"async\" width=\"1024\" height=\"495\" src=\"https:\/\/www.valhergo.fr\/wp-content\/uploads\/2021\/12\/IMG_20211214_132620__01-1024x495.jpg\" alt=\"\" class=\"wp-image-819\" srcset=\"https:\/\/www.valhergo.fr\/wp-content\/uploads\/2021\/12\/IMG_20211214_132620__01-1024x495.jpg 1024w, https:\/\/www.valhergo.fr\/wp-content\/uploads\/2021\/12\/IMG_20211214_132620__01-300x145.jpg 300w, https:\/\/www.valhergo.fr\/wp-content\/uploads\/2021\/12\/IMG_20211214_132620__01-768x371.jpg 768w, https:\/\/www.valhergo.fr\/wp-content\/uploads\/2021\/12\/IMG_20211214_132620__01-1536x742.jpg 1536w, https:\/\/www.valhergo.fr\/wp-content\/uploads\/2021\/12\/IMG_20211214_132620__01-2048x989.jpg 2048w\" sizes=\"auto, (max-width: 767px) 89vw, (max-width: 1000px) 54vw, (max-width: 1071px) 543px, 580px\" \/><\/a><\/figure>\n\n\n\n<figure class=\"wp-block-image size-large\"><a href=\"https:\/\/www.valhergo.fr\/wp-content\/uploads\/2021\/12\/IMG_20211214_132650__01-scaled.jpg\" target=\"_blank\" rel=\"noopener\"><img loading=\"lazy\" decoding=\"async\" width=\"1024\" height=\"429\" src=\"https:\/\/www.valhergo.fr\/wp-content\/uploads\/2021\/12\/IMG_20211214_132650__01-1024x429.jpg\" alt=\"\" class=\"wp-image-820\" srcset=\"https:\/\/www.valhergo.fr\/wp-content\/uploads\/2021\/12\/IMG_20211214_132650__01-1024x429.jpg 1024w, https:\/\/www.valhergo.fr\/wp-content\/uploads\/2021\/12\/IMG_20211214_132650__01-300x126.jpg 300w, https:\/\/www.valhergo.fr\/wp-content\/uploads\/2021\/12\/IMG_20211214_132650__01-768x321.jpg 768w, https:\/\/www.valhergo.fr\/wp-content\/uploads\/2021\/12\/IMG_20211214_132650__01-1536x643.jpg 1536w, https:\/\/www.valhergo.fr\/wp-content\/uploads\/2021\/12\/IMG_20211214_132650__01-2048x857.jpg 2048w\" sizes=\"auto, (max-width: 767px) 89vw, (max-width: 1000px) 54vw, (max-width: 1071px) 543px, 580px\" \/><\/a><\/figure>\n\n\n\n<h3 class=\"wp-block-heading\"><mark style=\"background-color:rgba(0, 0, 0, 0)\" class=\"has-inline-color has-black-color\">Au sein de l&rsquo;Espace Sant\u00e9 de LA GARNACHE, il est constitu\u00e9 de<\/mark> :<\/h3>\n\n\n\n<p><mark style=\"background-color:rgba(0, 0, 0, 0);color:#038c83\" class=\"has-inline-color\"><strong>D&rsquo;un bureau<\/strong>, <\/mark><mark style=\"background-color:rgba(0, 0, 0, 0)\" class=\"has-inline-color has-black-color\"><strong><mark style=\"background-color:rgba(0, 0, 0, 0)\" class=\"has-inline-color has-black-color\">d&rsquo;environ 20m\u00b2<\/mark><\/strong>, situ\u00e9 au rez-de-chauss\u00e9e (et partag\u00e9 avec Mme FLORIS Emmanuelle, orthophoniste). <\/mark><\/p>\n\n\n\n<p><\/p>\n\n\n\n<h3 class=\"wp-block-heading\">Projet en attente  : <\/h3>\n\n\n\n<p><strong><mark style=\"background-color:rgba(0, 0, 0, 0);color:#038c83\" class=\"has-inline-color\">Un bureau <\/mark><mark style=\"background-color:rgba(0, 0, 0, 0)\" class=\"has-inline-color has-black-color\">d&rsquo;environ 40m\u00b2<\/mark> <\/strong>au sein de la <strong><a href=\"https:\/\/sante-breti.fr\/\" data-type=\"link\" data-id=\"https:\/\/sante-breti.fr\/\" target=\"_blank\" rel=\"noreferrer noopener\"><mark style=\"background-color:rgba(0, 0, 0, 0)\" class=\"has-inline-color has-black-color\">Maison de Sant\u00e9 de Br\u00e9tignolles sur Mer<\/mark><\/a><\/strong><mark style=\"background-color:rgba(0, 0, 0, 0)\" class=\"has-inline-color has-black-color\"><strong>,<\/strong> <\/mark>avec une <strong><mark style=\"background-color:rgba(0, 0, 0, 0);color:#038c83\" class=\"has-inline-color\">structure sp\u00e9cifique et unique pour la pratique de l&rsquo;Int\u00e9gration Sensorielle selon A. J. Ayres<\/mark><\/strong> notamment.<\/p>\n\n\n\n<p><\/p>\n","protected":false},"excerpt":{"rendered":"<p>La cabinet d&rsquo;ergoth\u00e9rapie ValHergO est ouvert depuis 2017, Il accueille : Des patients de tous \u00e2ges (enfants, adolescents, jeunes adultes, adultes et personne \u00e2g\u00e9e), et pour tout type de probl\u00e9matique impactant les activit\u00e9s de vie quotidienne de la personne. Il travaille tr\u00e8s souvent en lien avec : Au sein du P\u00f4le Sant\u00e9 de LE FENOUILLER, &hellip; <\/p>\n<p class=\"link-more\"><a href=\"https:\/\/www.valhergo.fr\/?page_id=782\" class=\"more-link\">Continuer la lecture<span class=\"screen-reader-text\"> de &laquo;&nbsp;Le Cabinet&nbsp;&raquo;<\/span><\/a><\/p>\n","protected":false},"author":1,"featured_media":0,"parent":0,"menu_order":0,"comment_status":"closed","ping_status":"closed","template":"","meta":{"footnotes":""},"class_list":["post-782","page","type-page","status-publish","hentry"],"_links":{"self":[{"href":"https:\/\/www.valhergo.fr\/index.php?rest_route=\/wp\/v2\/pages\/782","targetHints":{"allow":["GET"]}}],"collection":[{"href":"https:\/\/www.valhergo.fr\/index.php?rest_route=\/wp\/v2\/pages"}],"about":[{"href":"https:\/\/www.valhergo.fr\/index.php?rest_route=\/wp\/v2\/types\/page"}],"author":[{"embeddable":true,"href":"https:\/\/www.valhergo.fr\/index.php?rest_route=\/wp\/v2\/users\/1"}],"replies":[{"embeddable":true,"href":"https:\/\/www.valhergo.fr\/index.php?rest_route=%2Fwp%2Fv2%2Fcomments&post=782"}],"version-history":[{"count":30,"href":"https:\/\/www.valhergo.fr\/index.php?rest_route=\/wp\/v2\/pages\/782\/revisions"}],"predecessor-version":[{"id":1408,"href":"https:\/\/www.valhergo.fr\/index.php?rest_route=\/wp\/v2\/pages\/782\/revisions\/1408"}],"wp:attachment":[{"href":"https:\/\/www.valhergo.fr\/index.php?rest_route=%2Fwp%2Fv2%2Fmedia&parent=782"}],"curies":[{"name":"wp","href":"https:\/\/api.w.org\/{rel}","templated":true}]}}