{"id":75,"date":"2017-10-14T21:02:25","date_gmt":"2017-10-14T19:02:25","guid":{"rendered":"http:\/\/valhergo.fr\/?page_id=75"},"modified":"2025-02-08T16:45:36","modified_gmt":"2025-02-08T15:45:36","slug":"soins-et-prestations","status":"publish","type":"page","link":"https:\/\/www.valhergo.fr\/?page_id=75","title":{"rendered":"Soins et prestations"},"content":{"rendered":"\n<p>Avant tout d\u00e9but de prise en soins, je tiens \u00e0 vous soumettre un devis d\u00e9taill\u00e9. Vous pouvez m&rsquo;en faire la demande par t\u00e9l\u00e9phone, mail, ou par le biais de ce site internet, ainsi que de ma page <a href=\"https:\/\/www.facebook.com\/ValHergO\/\" target=\"_blank\" rel=\"noopener noreferrer\">Facebook<\/a>.<\/p>\n\n\n\n<p><strong><span style=\"color: #008080;\">Passation et R\u00e9daction de compte rendus de Bilans<\/span><\/strong>\u00a0:<\/p>\n\n\n\n<p class=\"has-text-align-left\"><strong>Initial, Interm\u00e9diaire, Final<\/strong> : Au d\u00e9but du suivi et \u00e0 distance (+3\/+6\/+12 mois par exemple).<\/p>\n\n\n\n<p><span style=\"color: #008080;\"><strong>S\u00e9ance(s) de R\u00e9\u00e9ducation<\/strong>&nbsp;:<\/span><\/p>\n\n\n<div class=\"wp-block-image\">\n<figure class=\"alignright size-medium\"><img loading=\"lazy\" decoding=\"async\" width=\"300\" height=\"225\" src=\"https:\/\/www.valhergo.fr\/wp-content\/uploads\/2017\/10\/Vis-boulons-300x225.jpg\" alt=\"\" class=\"wp-image-186\" srcset=\"https:\/\/www.valhergo.fr\/wp-content\/uploads\/2017\/10\/Vis-boulons-300x225.jpg 300w, https:\/\/www.valhergo.fr\/wp-content\/uploads\/2017\/10\/Vis-boulons-768x576.jpg 768w, https:\/\/www.valhergo.fr\/wp-content\/uploads\/2017\/10\/Vis-boulons-1024x768.jpg 1024w\" sizes=\"auto, (max-width: 300px) 100vw, 300px\" \/><\/figure><\/div>\n\n\n<p class=\"has-text-align-left\">Elles peuvent avoir lieu au cabinet,&nbsp;\u00e0 votre domicile ou sur un autre de vos lieux&nbsp;de vie (\u00e9cole, durant les loisirs,&#8230;).<\/p>\n\n\n\n<p>Leur p\u00e9riodicit\u00e9 est \u00e0 d\u00e9finir ensemble, selon vos besoins et possibilit\u00e9s : ponctuelles, mensuelles, hebdomadaires, etc.<\/p>\n\n\n\n<p><\/p>\n\n\n\n<p><strong style=\"color: #008080; font-size: 1rem;\">S\u00e9ance(s) de R\u00e9adaptation<\/strong><span style=\"color: #008080; font-size: 1rem;\">&nbsp;:<\/span><\/p>\n\n\n\n<p>Elles peuvent avoir lieu au cabinet, \u00e0 votre domicile ou sur un autre de vos lieux de vie (\u00e9cole, durant les loisirs,&#8230;).<\/p>\n\n\n\n<p>Leur p\u00e9riodicit\u00e9 est \u00e0 d\u00e9finir ensemble, selon vos besoins et possibilit\u00e9s : ponctuelles, mensuelles, hebdomadaires, etc.<\/p>\n\n\n<div class=\"wp-block-image\">\n<figure class=\"aligncenter\"><img loading=\"lazy\" decoding=\"async\" width=\"300\" height=\"225\" src=\"http:\/\/valhergo.fr\/wp-content\/uploads\/2017\/10\/Conseil-at-300x225.jpg\" alt=\"\" class=\"wp-image-188\" srcset=\"https:\/\/www.valhergo.fr\/wp-content\/uploads\/2017\/10\/Conseil-at-300x225.jpg 300w, https:\/\/www.valhergo.fr\/wp-content\/uploads\/2017\/10\/Conseil-at-768x576.jpg 768w, https:\/\/www.valhergo.fr\/wp-content\/uploads\/2017\/10\/Conseil-at-1024x768.jpg 1024w\" sizes=\"auto, (max-width: 300px) 100vw, 300px\" \/><\/figure><\/div>\n\n\n<p><\/p>\n\n\n\n<p><span style=\"color: #008080;\"><strong>Choix Fauteuil Roulant Manuel\/\u00c9lectrique\/Scooter \u00e9lectrique :<\/strong><\/span><\/p>\n\n\n\n<p>Je vous conseille dans le choix du fauteuil roulant (type, mod\u00e8le, options) apr\u00e8s \u00e9tablissement d&rsquo;un cahier des charges r\u00e9pondant \u00e0 vos attentes et besoins, \u00e0 vos contraintes environnementales. Nous effectuerons ensuite des essais <span style=\"color: #008080;\">\u00e0 domicile <\/span>afin d&rsquo;observer la conduite du fauteuil dans <strong>votre environnement<\/strong>.<\/p>\n\n\n<div class=\"wp-block-image is-resized\">\n<figure class=\"alignleft\"><img loading=\"lazy\" decoding=\"async\" width=\"300\" height=\"300\" src=\"http:\/\/valhergo.fr\/wp-content\/uploads\/2018\/01\/FR-Pronto-M41-300x300.jpg\" alt=\"\" class=\"wp-image-274\" srcset=\"https:\/\/www.valhergo.fr\/wp-content\/uploads\/2018\/01\/FR-Pronto-M41-300x300.jpg 300w, https:\/\/www.valhergo.fr\/wp-content\/uploads\/2018\/01\/FR-Pronto-M41-150x150.jpg 150w, https:\/\/www.valhergo.fr\/wp-content\/uploads\/2018\/01\/FR-Pronto-M41-768x768.jpg 768w, https:\/\/www.valhergo.fr\/wp-content\/uploads\/2018\/01\/FR-Pronto-M41-100x100.jpg 100w, https:\/\/www.valhergo.fr\/wp-content\/uploads\/2018\/01\/FR-Pronto-M41.jpg 900w\" sizes=\"auto, (max-width: 300px) 100vw, 300px\" \/><\/figure><\/div>\n\n\n<p>Ces essais sont n\u00e9cessaires \u00e0 la confirmation du choix \u00e9tabli pr\u00e9c\u00e9demment ensemble, mais aussi afin de vous pr\u00e9parer \u00e0 utiliser cette aide technique en toute autonomie.<\/p>\n\n\n\n<p>Pour finir, je vous accompagne dans la validation par un m\u00e9decin de M\u00e9decine Physique et R\u00e9adaptation (MPR), obligatoire pour les fauteuils roulants \u00e9lectriques et les scooters \u00e9lectriques, afin d&rsquo;esp\u00e9rer obtenir une prise en charge financi\u00e8re par la s\u00e9curit\u00e9 sociale et \u00e9ventuellement votre mutuelle, mais \u00e9galement pour vos d\u00e9marches administratives autres (dossier MDPH par exemple).<\/p>\n\n\n\n<p><\/p>\n\n\n\n<p><span style=\"color: #008080;\"><b>Conseil(s) en Am\u00e9nagement(s) de Domicile(s)<\/b> :<\/span><\/p>\n\n\n\n<p>Je me d\u00e9place sur votre lieu de vie afin d&rsquo;\u00e9valuer si des am\u00e9nagements son n\u00e9cessaires \u00e0 votre s\u00e9curit\u00e9 et\/ou confort au quotidien.<br>Je r\u00e9dige alors un compte rendu d\u00e9taill\u00e9 proposant des solutions adapt\u00e9es. Il peut notamment vous servir pour obtenir des financements, mais aussi lors de travaux avec intervention d&rsquo;artisans.<\/p>\n\n\n\n<p><\/p>\n\n\n\n<p><\/p>\n\n\n<div class=\"wp-block-image\">\n<figure class=\"alignright is-resized\"><img loading=\"lazy\" decoding=\"async\" width=\"300\" height=\"285\" src=\"http:\/\/valhergo.fr\/wp-content\/uploads\/2017\/10\/infographie-posture-bureau-300x285.png\" alt=\"\" class=\"wp-image-167\" style=\"width:274px;height:auto\" srcset=\"https:\/\/www.valhergo.fr\/wp-content\/uploads\/2017\/10\/infographie-posture-bureau-300x285.png 300w, https:\/\/www.valhergo.fr\/wp-content\/uploads\/2017\/10\/infographie-posture-bureau-768x729.png 768w, https:\/\/www.valhergo.fr\/wp-content\/uploads\/2017\/10\/infographie-posture-bureau.png 977w\" sizes=\"auto, (max-width: 300px) 100vw, 300px\" \/><\/figure><\/div>\n\n\n<p><\/p>\n\n\n\n<p><span style=\"color: #008080;\"><b>Conseils pour Am\u00e9nagement(s) de Poste de Travail&nbsp;<\/b>:<\/span><\/p>\n\n\n\n<p>Apr\u00e8s une visite sur le lieu de votre exercice professionnel, je vous propose des solutions d&rsquo;am\u00e9nagements de poste, \u00e0 vous et votre employeur (s&rsquo;il y en a un).<\/p>\n\n\n\n<p><\/p>\n\n\n\n<p><span style=\"color: #008080;\"><strong>Intervention(s)<\/strong><\/span><b style=\"color: rgb(0, 128, 128);\"><strong> <\/strong>en \u00e9tablissement(s) Sanitaires ou M\u00e9dico-sociaux :<\/b><\/p>\n\n\n\n<p>Je me d\u00e9place au sein de l&rsquo;\u00e9tablissement que ce soit une maison de <strong>retraite<\/strong>, maison de <strong>services<\/strong>, un Etablissement d&rsquo;H\u00e9bergement pour Personnes \u00c2g\u00e9es D\u00e9pendantes<strong>\u00a0(EHPAD)<\/strong><span style=\"font-size: 1rem;\"> ou autres<\/span>, pour des <strong>s\u00e9ances de r\u00e9\u00e9ducation <\/strong> ou <strong>conseils en installations, aides techniques\/am\u00e9nagements. <\/strong>Ces interventions peuvent \u00eatre ponctuelles ou r\u00e9guli\u00e8res (rythme \u00e0 d\u00e9finir ensemble).<\/p>\n\n\n\n<p><\/p>\n\n\n\n<p><strong><span style=\"color: #008080;\">Conseils en accessibilit\u00e9 :&nbsp;<\/span><\/strong><\/p>\n\n\n\n<p>Pour tout \u00e9tablissement recevant du public (<strong>ERP<\/strong>), mais aussi promoteurs\/particuliers dans le cadre de projets de constructions adapt\u00e9es aux personnes en situation de handicap. Je tente de trouver avec vous des solutions en terme d&rsquo;accessibilit\u00e9 en tenant compte de votre budget.<\/p>\n\n\n\n<p>     <\/p>\n\n\n\n<p><span style=\"color: #008080;\"><em><strong>A noter :<\/strong><\/em><\/span>\u00a0<em>J&rsquo;accorde une grande importance \u00e0 collaborer avec vos autres intervenants m\u00e9dicaux et param\u00e9dicaux, afin de vous proposer un accompagnement qui vous soit parfaitement adapt\u00e9 et pertinent. <span style=\"color: #008080;\">Sur votre autorisation seulement<\/span>, ils seront alors \u00e9ventuellement amen\u00e9s \u00e0 me communiquer des informations vous concernant. Les compte rendus r\u00e9dig\u00e9s tout au long de la prise en soin en ergoth\u00e9rapie pourront leur \u00eatre transmis \u00e9galement.<\/em><\/p>\n","protected":false},"excerpt":{"rendered":"<p>Avant tout d\u00e9but de prise en soins, je tiens \u00e0 vous soumettre un devis d\u00e9taill\u00e9. Vous pouvez m&rsquo;en faire la demande par t\u00e9l\u00e9phone, mail, ou par le biais de ce site internet, ainsi que de ma page Facebook. Passation et R\u00e9daction de compte rendus de Bilans\u00a0: Initial, Interm\u00e9diaire, Final : Au d\u00e9but du suivi et &hellip; <\/p>\n<p class=\"link-more\"><a href=\"https:\/\/www.valhergo.fr\/?page_id=75\" class=\"more-link\">Continuer la lecture<span class=\"screen-reader-text\"> de &laquo;&nbsp;Soins et prestations&nbsp;&raquo;<\/span><\/a><\/p>\n","protected":false},"author":1,"featured_media":0,"parent":0,"menu_order":0,"comment_status":"closed","ping_status":"closed","template":"","meta":{"footnotes":""},"class_list":["post-75","page","type-page","status-publish","hentry"],"_links":{"self":[{"href":"https:\/\/www.valhergo.fr\/index.php?rest_route=\/wp\/v2\/pages\/75","targetHints":{"allow":["GET"]}}],"collection":[{"href":"https:\/\/www.valhergo.fr\/index.php?rest_route=\/wp\/v2\/pages"}],"about":[{"href":"https:\/\/www.valhergo.fr\/index.php?rest_route=\/wp\/v2\/types\/page"}],"author":[{"embeddable":true,"href":"https:\/\/www.valhergo.fr\/index.php?rest_route=\/wp\/v2\/users\/1"}],"replies":[{"embeddable":true,"href":"https:\/\/www.valhergo.fr\/index.php?rest_route=%2Fwp%2Fv2%2Fcomments&post=75"}],"version-history":[{"count":24,"href":"https:\/\/www.valhergo.fr\/index.php?rest_route=\/wp\/v2\/pages\/75\/revisions"}],"predecessor-version":[{"id":1271,"href":"https:\/\/www.valhergo.fr\/index.php?rest_route=\/wp\/v2\/pages\/75\/revisions\/1271"}],"wp:attachment":[{"href":"https:\/\/www.valhergo.fr\/index.php?rest_route=%2Fwp%2Fv2%2Fmedia&parent=75"}],"curies":[{"name":"wp","href":"https:\/\/api.w.org\/{rel}","templated":true}]}}