{"id":342,"date":"2018-07-21T16:34:40","date_gmt":"2018-07-21T14:34:40","guid":{"rendered":"http:\/\/valhergo.fr\/?page_id=342"},"modified":"2021-01-23T18:05:36","modified_gmt":"2021-01-23T17:05:36","slug":"videos","status":"publish","type":"page","link":"https:\/\/www.valhergo.fr\/?page_id=342","title":{"rendered":"Vid\u00e9os"},"content":{"rendered":"<h1><strong><span style=\"color: #008080;\">Vid\u00e9os<\/span><\/strong><\/h1>\n<p>Quelques images pour illustrer ce qu&rsquo;est l&rsquo;Ergoth\u00e9rapie, un projet qui me tenait \u00e0 c\u0153ur !<\/p>\n<p><span style=\"color: #008080;\">Merci \u00e0 mes patients qui ont si gentiment accept\u00e9 d&rsquo;\u00eatre film\u00e9s. Merci \u00e0 eux de croire, comme moi, aussi fort en l&rsquo;Ergoth\u00e9rapie, au point de vouloir \u00e9galement la promouvoir.<\/span><\/p>\n<hr>\n<p style=\"text-align: center;\">En tant qu&rsquo;ergoth\u00e9rapeutes, nous sommes souvent amen\u00e9s \u00e0 entendre :<\/p>\n<p style=\"text-align: center;\"><em>\u00ab\u00a0D&rsquo;accord, l&rsquo;ergoth\u00e9rapie c&rsquo;est de la r\u00e9\u00e9ducation, de la r\u00e9adaptation. Vous utilisez des activit\u00e9s comme exercices, vous vous occupez des barres d&rsquo;appuis dans les salles de bains, des fauteuils roulants&#8230; <\/em><em>Mais concr\u00e8tement, que faites-vous avec vos patients ?\u00a0\u00bb<\/em><\/p>\n<p style=\"text-align: center;\"><strong>Eh bien voici d\u00e9sormais la r\u00e9ponse en images :<\/strong><\/p>\n<p style=\"text-align: center;\"><strong>Chapitre 1<\/strong><\/p>\n<div style=\"width: 525px;\" class=\"wp-video\"><!--[if lt IE 9]><script>document.createElement('video');<\/script><![endif]-->\n<video class=\"wp-video-shortcode\" id=\"video-342-1\" width=\"525\" height=\"295\" preload=\"metadata\" controls=\"controls\"><source type=\"video\/mp4\" src=\"http:\/\/valhergo.fr\/wp-content\/uploads\/2018\/07\/Chapitre-1.mp4?_=1\" \/><a href=\"http:\/\/valhergo.fr\/wp-content\/uploads\/2018\/07\/Chapitre-1.mp4\">http:\/\/valhergo.fr\/wp-content\/uploads\/2018\/07\/Chapitre-1.mp4<\/a><\/video><\/div>\n<p style=\"text-align: center;\"><strong>Chapitre 2<\/strong><\/p>\n<div style=\"width: 525px;\" class=\"wp-video\"><video class=\"wp-video-shortcode\" id=\"video-342-2\" width=\"525\" height=\"295\" preload=\"metadata\" controls=\"controls\"><source type=\"video\/mp4\" src=\"http:\/\/valhergo.fr\/wp-content\/uploads\/2018\/07\/Chapitre-2.mp4?_=2\" \/><a href=\"http:\/\/valhergo.fr\/wp-content\/uploads\/2018\/07\/Chapitre-2.mp4\">http:\/\/valhergo.fr\/wp-content\/uploads\/2018\/07\/Chapitre-2.mp4<\/a><\/video><\/div>\n<p style=\"text-align: center;\"><strong>Chapitre 3<\/strong><\/p>\n<div style=\"width: 525px;\" class=\"wp-video\"><video class=\"wp-video-shortcode\" id=\"video-342-3\" width=\"525\" height=\"295\" preload=\"metadata\" controls=\"controls\"><source type=\"video\/mp4\" src=\"http:\/\/valhergo.fr\/wp-content\/uploads\/2018\/07\/Chapitre-3.mp4?_=3\" \/><a href=\"http:\/\/valhergo.fr\/wp-content\/uploads\/2018\/07\/Chapitre-3.mp4\">http:\/\/valhergo.fr\/wp-content\/uploads\/2018\/07\/Chapitre-3.mp4<\/a><\/video><\/div>\n<p style=\"text-align: center;\"><\/p>\n\n\n<p class=\"has-text-align-center\"><strong>Les Mots de Marie<\/strong><\/p>\n\n\n\n<p class=\"has-text-align-center\">Enfin la voil\u00e0 ! La vid\u00e9o-entretien avec Marie, parlant de son \u00e9poux ! Quoi de mieux que de la mettre en ligne la semaine o\u00f9 a eu lieu la journ\u00e9e mondiale de l&rsquo;ergoth\u00e9rapie 2020 ? L&rsquo;entretien date de 2018 mais tout vient \u00e0 point qui sait attendre ^^. Encore un grand merci \u00e0 elle et \u00e0 Philippe.<\/p>\n\n\n\n<p class=\"has-text-align-center\">Pour voir la vid\u00e9o cliquer sur <strong><a href=\"https:\/\/www.facebook.com\/ValHergO\/videos\/670970960523694\" target=\"_blank\" rel=\"noreferrer noopener\">ICI<\/a><\/strong>.<\/p>\n\n\n\n<p><\/p>\n\n\n\n<p class=\"has-text-align-center\"><em>L&rsquo;ergoth\u00e9rapie \u00e9tant si vaste : prochains chapitres \u00e0 venir !<\/em><\/p>\n","protected":false},"excerpt":{"rendered":"<p>Vid\u00e9os Quelques images pour illustrer ce qu&rsquo;est l&rsquo;Ergoth\u00e9rapie, un projet qui me tenait \u00e0 c\u0153ur ! Merci \u00e0 mes patients qui ont si gentiment accept\u00e9 d&rsquo;\u00eatre film\u00e9s. Merci \u00e0 eux de croire, comme moi, aussi fort en l&rsquo;Ergoth\u00e9rapie, au point de vouloir \u00e9galement la promouvoir. En tant qu&rsquo;ergoth\u00e9rapeutes, nous sommes souvent amen\u00e9s \u00e0 entendre : &hellip; <\/p>\n<p class=\"link-more\"><a href=\"https:\/\/www.valhergo.fr\/?page_id=342\" class=\"more-link\">Continuer la lecture<span class=\"screen-reader-text\"> de &laquo;&nbsp;Vid\u00e9os&nbsp;&raquo;<\/span><\/a><\/p>\n","protected":false},"author":1,"featured_media":0,"parent":0,"menu_order":0,"comment_status":"closed","ping_status":"closed","template":"","meta":{"footnotes":""},"class_list":["post-342","page","type-page","status-publish","hentry"],"_links":{"self":[{"href":"https:\/\/www.valhergo.fr\/index.php?rest_route=\/wp\/v2\/pages\/342","targetHints":{"allow":["GET"]}}],"collection":[{"href":"https:\/\/www.valhergo.fr\/index.php?rest_route=\/wp\/v2\/pages"}],"about":[{"href":"https:\/\/www.valhergo.fr\/index.php?rest_route=\/wp\/v2\/types\/page"}],"author":[{"embeddable":true,"href":"https:\/\/www.valhergo.fr\/index.php?rest_route=\/wp\/v2\/users\/1"}],"replies":[{"embeddable":true,"href":"https:\/\/www.valhergo.fr\/index.php?rest_route=%2Fwp%2Fv2%2Fcomments&post=342"}],"version-history":[{"count":12,"href":"https:\/\/www.valhergo.fr\/index.php?rest_route=\/wp\/v2\/pages\/342\/revisions"}],"predecessor-version":[{"id":666,"href":"https:\/\/www.valhergo.fr\/index.php?rest_route=\/wp\/v2\/pages\/342\/revisions\/666"}],"wp:attachment":[{"href":"https:\/\/www.valhergo.fr\/index.php?rest_route=%2Fwp%2Fv2%2Fmedia&parent=342"}],"curies":[{"name":"wp","href":"https:\/\/api.w.org\/{rel}","templated":true}]}}