{"id":17,"date":"2017-10-14T17:51:10","date_gmt":"2017-10-14T15:51:10","guid":{"rendered":"http:\/\/valhergo.fr\/?page_id=17"},"modified":"2024-01-29T15:32:35","modified_gmt":"2024-01-29T14:32:35","slug":"contact","status":"publish","type":"page","link":"https:\/\/www.valhergo.fr\/?page_id=17","title":{"rendered":"Contact"},"content":{"rendered":"<div class=\"wp-block-image\">\n<figure class=\"aligncenter size-large\"><img loading=\"lazy\" decoding=\"async\" width=\"398\" height=\"249\" src=\"https:\/\/www.valhergo.fr\/wp-content\/uploads\/2017\/10\/carte-de-visite-reconstituee.png\" alt=\"\" class=\"wp-image-137\" srcset=\"https:\/\/www.valhergo.fr\/wp-content\/uploads\/2017\/10\/carte-de-visite-reconstituee.png 398w, https:\/\/www.valhergo.fr\/wp-content\/uploads\/2017\/10\/carte-de-visite-reconstituee-300x188.png 300w\" sizes=\"auto, (max-width: 398px) 100vw, 398px\" \/><\/figure><\/div>\n\n\n<p class=\"has-text-align-center\"><strong>T\u00e9l\u00e9phone :<\/strong>   <\/p>\n\n\n\n<p class=\"has-text-align-center\"><a href=\"tel:+33631175904\"><em>06 31 17 59 04<\/em><\/a> <\/p>\n\n\n\n<p class=\"has-text-align-center\"> <strong>&nbsp;Email :<\/strong> <\/p>\n\n\n\n<p class=\"has-text-align-center\"> <em><a href=\"mailto:valhergo85@gmail.com\">valhergo85@gmailcom<\/a>&nbsp;<\/em> <\/p>\n\n\n\n<p class=\"has-text-align-center\"><strong>Page Facebook :<\/strong><\/p>\n\n\n\n<p class=\"has-text-align-center\"><em><a rel=\"noreferrer noopener\" href=\"https:\/\/www.facebook.com\/ValHergO\/\" target=\"_blank\">@ValHergO<\/a><\/em><\/p>\n\n\n\n<p class=\"has-text-align-center\"><strong>LinkedIn<\/strong> : <\/p>\n\n\n\n<p class=\"has-text-align-center\"><a href=\"https:\/\/www.linkedin.com\/in\/valentine-h-849abb145\" target=\"_blank\" rel=\"noreferrer noopener\">linkedin.com\/in\/valentine-h-849abb145<\/a><\/p>\n\n\n\n<p class=\"has-text-align-center\"><strong>Adresse :<\/strong><\/p>\n\n\n\n<p class=\"has-text-align-center\">P\u00f4le de Sant\u00e9 du Fenouiller<\/p>\n\n\n\n<p class=\"has-text-align-center\"><a href=\"https:\/\/maps.app.goo.gl\/nNYBqEq7vfjc7tmQ6\" data-type=\"link\" data-id=\"https:\/\/maps.app.goo.gl\/nNYBqEq7vfjc7tmQ6\" target=\"_blank\" rel=\"noreferrer noopener\">41 rue du Centre\u00a0<\/a><\/p>\n\n\n\n<p class=\"has-text-align-center\">85800 LE FENOUILLER<\/p>\n\n\n<div class=\"wp-block-image\">\n<figure class=\"aligncenter\"><a href=\"https:\/\/maps.app.goo.gl\/nNYBqEq7vfjc7tmQ6\" target=\"_blank\" rel=\"noreferrer noopener\"><img loading=\"lazy\" decoding=\"async\" width=\"300\" height=\"240\" src=\"http:\/\/valhergo.fr\/wp-content\/uploads\/2017\/10\/Pole-de-sant\u00e9-300x240.jpg\" alt=\"\" class=\"wp-image-38\" srcset=\"https:\/\/www.valhergo.fr\/wp-content\/uploads\/2017\/10\/Pole-de-sant\u00e9-300x240.jpg 300w, https:\/\/www.valhergo.fr\/wp-content\/uploads\/2017\/10\/Pole-de-sant\u00e9-768x614.jpg 768w, https:\/\/www.valhergo.fr\/wp-content\/uploads\/2017\/10\/Pole-de-sant\u00e9.jpg 933w\" sizes=\"auto, (max-width: 300px) 100vw, 300px\" \/><\/a><\/figure><\/div>\n\n\n<p class=\"has-text-align-center\">Pour une demande de stage, merci de privil\u00e9gier l&rsquo;appel t\u00e9l\u00e9phonique ou un mail et non le formulaire de contact si dessous. Un CV et une lettre de motivation vous seront demand\u00e9s pour \u00e9tudier votre demande. <\/p>\n\n\n\n<p><\/p>\n\n\n\n<p><strong>Formulaire de Contact :<\/strong><\/p>\n\n\n\n<div class=\"wpcf7 no-js\" id=\"wpcf7-f174-o1\" lang=\"fr-FR\" dir=\"ltr\" data-wpcf7-id=\"174\">\n<div class=\"screen-reader-response\"><p role=\"status\" aria-live=\"polite\" aria-atomic=\"true\"><\/p> <ul><\/ul><\/div>\n<form action=\"\/index.php?rest_route=%2Fwp%2Fv2%2Fpages%2F17#wpcf7-f174-o1\" method=\"post\" class=\"wpcf7-form init\" aria-label=\"Formulaire de contact\" novalidate=\"novalidate\" data-status=\"init\">\n<fieldset class=\"hidden-fields-container\"><input type=\"hidden\" name=\"_wpcf7\" value=\"174\" \/><input type=\"hidden\" name=\"_wpcf7_version\" value=\"6.1.5\" \/><input type=\"hidden\" name=\"_wpcf7_locale\" value=\"fr_FR\" \/><input type=\"hidden\" name=\"_wpcf7_unit_tag\" value=\"wpcf7-f174-o1\" \/><input type=\"hidden\" name=\"_wpcf7_container_post\" value=\"0\" \/><input type=\"hidden\" name=\"_wpcf7_posted_data_hash\" value=\"\" \/>\n<\/fieldset>\n<p><label> Votre nom (obligatoire)<br \/>\n<span class=\"wpcf7-form-control-wrap\" data-name=\"your-name\"><input size=\"40\" maxlength=\"400\" class=\"wpcf7-form-control wpcf7-text wpcf7-validates-as-required\" aria-required=\"true\" aria-invalid=\"false\" value=\"\" type=\"text\" name=\"your-name\" \/><\/span> <\/label>\n<\/p>\n<p><label> Votre e-mail (obligatoire)<br \/>\n<span class=\"wpcf7-form-control-wrap\" data-name=\"your-email\"><input size=\"40\" maxlength=\"400\" class=\"wpcf7-form-control wpcf7-email wpcf7-validates-as-required wpcf7-text wpcf7-validates-as-email\" aria-required=\"true\" aria-invalid=\"false\" value=\"\" type=\"email\" name=\"your-email\" \/><\/span> <\/label>\n<\/p>\n<p><label> Sujet<br \/>\n<span class=\"wpcf7-form-control-wrap\" data-name=\"your-subject\"><input size=\"40\" maxlength=\"400\" class=\"wpcf7-form-control wpcf7-text\" aria-invalid=\"false\" value=\"\" type=\"text\" name=\"your-subject\" \/><\/span> <\/label>\n<\/p>\n<p><label> Votre message (obligatoire)<br \/>\n<span class=\"wpcf7-form-control-wrap\" data-name=\"your-message\"><textarea cols=\"40\" rows=\"10\" maxlength=\"2000\" class=\"wpcf7-form-control wpcf7-textarea\" aria-invalid=\"false\" name=\"your-message\"><\/textarea><\/span> <\/label>\n<\/p>\n<p><div id=\"cf7sr-69f9f32080115\" class=\"cf7sr-g-recaptcha\" data-theme=\"light\" data-type=\"image\" data-size=\"normal\" data-sitekey=\"6Lfpu3EeAAAAACHv6dVR-pyU42nYfOVnhgJgCmiC\"><\/div><span class=\"wpcf7-form-control-wrap cf7sr-recaptcha\" data-name=\"cf7sr-recaptcha\"><input type=\"hidden\" name=\"cf7sr-recaptcha\" value=\"\" class=\"wpcf7-form-control\"><\/span>\n<\/p>\n<p><input class=\"wpcf7-form-control wpcf7-submit has-spinner\" type=\"submit\" value=\"Envoyer\" \/>\n<\/p><div class=\"wpcf7-response-output\" aria-hidden=\"true\"><\/div>\n<\/form>\n<\/div>\n\n","protected":false},"excerpt":{"rendered":"<p>T\u00e9l\u00e9phone : 06 31 17 59 04 &nbsp;Email : valhergo85@gmailcom&nbsp; Page Facebook : @ValHergO LinkedIn : linkedin.com\/in\/valentine-h-849abb145 Adresse : P\u00f4le de Sant\u00e9 du Fenouiller 41 rue du Centre\u00a0 85800 LE FENOUILLER Pour une demande de stage, merci de privil\u00e9gier l&rsquo;appel t\u00e9l\u00e9phonique ou un mail et non le formulaire de contact si dessous. Un CV et &hellip; <\/p>\n<p class=\"link-more\"><a href=\"https:\/\/www.valhergo.fr\/?page_id=17\" class=\"more-link\">Continuer la lecture<span class=\"screen-reader-text\"> de &laquo;&nbsp;Contact&nbsp;&raquo;<\/span><\/a><\/p>\n","protected":false},"author":1,"featured_media":0,"parent":0,"menu_order":0,"comment_status":"closed","ping_status":"closed","template":"","meta":{"footnotes":""},"class_list":["post-17","page","type-page","status-publish","hentry"],"_links":{"self":[{"href":"https:\/\/www.valhergo.fr\/index.php?rest_route=\/wp\/v2\/pages\/17","targetHints":{"allow":["GET"]}}],"collection":[{"href":"https:\/\/www.valhergo.fr\/index.php?rest_route=\/wp\/v2\/pages"}],"about":[{"href":"https:\/\/www.valhergo.fr\/index.php?rest_route=\/wp\/v2\/types\/page"}],"author":[{"embeddable":true,"href":"https:\/\/www.valhergo.fr\/index.php?rest_route=\/wp\/v2\/users\/1"}],"replies":[{"embeddable":true,"href":"https:\/\/www.valhergo.fr\/index.php?rest_route=%2Fwp%2Fv2%2Fcomments&post=17"}],"version-history":[{"count":29,"href":"https:\/\/www.valhergo.fr\/index.php?rest_route=\/wp\/v2\/pages\/17\/revisions"}],"predecessor-version":[{"id":1085,"href":"https:\/\/www.valhergo.fr\/index.php?rest_route=\/wp\/v2\/pages\/17\/revisions\/1085"}],"wp:attachment":[{"href":"https:\/\/www.valhergo.fr\/index.php?rest_route=%2Fwp%2Fv2%2Fmedia&parent=17"}],"curies":[{"name":"wp","href":"https:\/\/api.w.org\/{rel}","templated":true}]}}