{"id":150,"date":"2017-10-16T07:34:33","date_gmt":"2017-10-16T05:34:33","guid":{"rendered":"http:\/\/valhergo.fr\/?page_id=150"},"modified":"2023-02-11T13:06:41","modified_gmt":"2023-02-11T12:06:41","slug":"financements","status":"publish","type":"page","link":"https:\/\/www.valhergo.fr\/?page_id=150","title":{"rendered":"Financements"},"content":{"rendered":"<h1><span style=\"color: #008080;\"><strong>Financements<\/strong><\/span><\/h1>\n<p>En fonctions de votre situation, il vous est \u00e9ventuellement possible d&rsquo;obtenir des enveloppes forfaitaires ou allocations, sur pr\u00e9sentation du devis de l&rsquo;ergoth\u00e9rapeute et de votre prescription m\u00e9dicale, aupr\u00e8s de :<\/p>\n<ul>\n<li><a href=\"http:\/\/www.vendee.fr\/Solidarite-et-education\/Handicap\/23398-La-MDPH-de-Vendee-a-votre-disposition\/http-vendee.fr-MDPH\" target=\"_blank\" rel=\"noopener noreferrer\"><span style=\"color: #008080;\">La Maison D\u00e9partementale des Personnes Handicap\u00e9es<\/span> (<strong>MDPH<\/strong>)<\/a>,\u00a0 dans le cadre de l&rsquo;<span id=\"yui_3_16_0_1_1430825513612_4931\">Allocation \u00c9ducation Enfant Handicap\u00e9 (<strong>AEEH<\/strong>) et de la Prestation de Compensation du Handicap (<strong>PCH<\/strong>)<\/span><\/li>\n<\/ul>\n<ul>\n<li><a href=\"http:\/\/www.vendee-senior.fr\/Vos-prestations-vos-demandes2\/Allocation-Personnalisee-d-Autonomie\" target=\"_blank\" rel=\"noopener noreferrer\"><span style=\"color: #008080;\">Conseil G\u00e9n\u00e9ral<\/span><\/a>, dans le cadre de l&rsquo;Allocation pour Personne \u00c2g\u00e9e (<strong>APA<\/strong>)<\/li>\n<\/ul>\n<ul>\n<li><span style=\"color: #008080;\"><span style=\"color: #008080;\">Votre mutuelle, <\/span><span style=\"color: #000000;\"><span style=\"color: #000000;\">selon le contrat souscrit <\/span><em><span style=\"color: #000000;\">(gr\u00e2ce au travail de recensement d&rsquo;une cons\u0153ur, voici quelques <\/span><a style=\"color: #000000;\" href=\"https:\/\/www.valhergo.fr\/wp-content\/uploads\/2023\/02\/PEC-ergo-par-mutuelles.pdf\" target=\"_blank\" rel=\"noopener\">exemples de mutuelles pouvant prendre en charge l&rsquo;ergoth\u00e9rapie ici<\/a><span style=\"color: #000000;\">)<\/span><\/em><\/span><\/span><\/li>\n<\/ul>\n<ul>\n<li><span style=\"color: #008080;\">De vos assurance<\/span>s (dont retraite), <span style=\"color: #008080;\"><span style=\"color: #000000;\">selon le contrat souscrit.<\/span><\/span><\/li>\n<\/ul>\n<ul>\n<li><a href=\"http:\/\/www.anah.fr\/\" target=\"_blank\" rel=\"noopener noreferrer\"><span style=\"color: #008080;\">L&rsquo;Agence Nationale de l&rsquo;Am\u00e9lioration de l&rsquo;Habitat<\/span> (<strong>ANAH<\/strong><\/a>)<\/li>\n<\/ul>\n<ul>\n<li>Nouveaut\u00e9 2021 :<span style=\"color: #008080;\"> <a style=\"color: #008080;\" href=\"https:\/\/www.ameli.fr\/vendee\" target=\"_blank\" rel=\"noopener\">S\u00e9curit\u00e9 sociale<\/a><\/span> (<strong>AMELI<\/strong>) !<\/li>\n<\/ul>\n<p>Bien que l&rsquo;ergoth\u00e9rapie ne soit pas conventionn\u00e9e et donc vraiment rembours\u00e9e par la s\u00e9curit\u00e9 sociale, il est possible, dans certaines situations, de faire des demandes <span id=\"yui_3_16_0_1_1430825513612_4913\">de \u00ab\u00a0Prestations extra l\u00e9gales\u00a0\u00bb.<\/span><\/p>\n<p>N\u00e9anmoins, depuis 2021, vous pouvez faire une demande d&rsquo;aide financi\u00e8re aupr\u00e8s de la s\u00e9curit\u00e9 sociale de votre secteur, afin de financer l&rsquo;ergoth\u00e9rapie pour un bilan et 10 s\u00e9ances de r\u00e9\u00e9ducation. Pour cela, il vous suffit d&rsquo;aller sur votre compte AMELI et de t\u00e9l\u00e9charger le formulaire de demande de prestations suppl\u00e9mentaires d&rsquo;aide financi\u00e8re individuelle et de solliciter le forfait sp\u00e9cial ergoth\u00e9rapie. Si cet onglet n&rsquo;est pas visible dans vos demandes de d\u00e9marches, contactez l&rsquo;organisme directement en pr\u00e9cisant l&rsquo;objet de la demande de financement d&rsquo;une \u00ab\u00a0prestation suppl\u00e9mentaire en ergoth\u00e9rapie\u00a0\u00bb.<\/p>\n<p>Cette aide est uniquement \u00e0 destination de patient ne percevant aucune autre aide pour cette m\u00eame prestation (pas de cumul).<\/p>\n<p>Cette avanc\u00e9e peut permettre \u00e0 des familles en attente de financement MDPH, de percevoir une aide et de pouvoir d\u00e9buter plus rapidement cette prise en charge.<\/p>\n<p><strong>T\u00e9l\u00e9charger les fiches :<\/strong><\/p>\n<ul>\n<li>financements de l&rsquo;ergoth\u00e9rapie de ValHergo : <span style=\"color: #008080;\"><strong><a style=\"color: #008080;\" href=\"https:\/\/www.valhergo.fr\/wp-content\/uploads\/2021\/08\/FIche-financements-ergotherapie-2.pdf\" target=\"_blank\" rel=\"noopener\">ici.\u00a0<\/a><\/strong><\/span><\/li>\n<\/ul>\n\n\n<p><\/p>\n","protected":false},"excerpt":{"rendered":"<p>Financements En fonctions de votre situation, il vous est \u00e9ventuellement possible d&rsquo;obtenir des enveloppes forfaitaires ou allocations, sur pr\u00e9sentation du devis de l&rsquo;ergoth\u00e9rapeute et de votre prescription m\u00e9dicale, aupr\u00e8s de : La Maison D\u00e9partementale des Personnes Handicap\u00e9es (MDPH),\u00a0 dans le cadre de l&rsquo;Allocation \u00c9ducation Enfant Handicap\u00e9 (AEEH) et de la Prestation de Compensation du Handicap &hellip; <\/p>\n<p class=\"link-more\"><a href=\"https:\/\/www.valhergo.fr\/?page_id=150\" class=\"more-link\">Continuer la lecture<span class=\"screen-reader-text\"> de &laquo;&nbsp;Financements&nbsp;&raquo;<\/span><\/a><\/p>\n","protected":false},"author":1,"featured_media":0,"parent":0,"menu_order":0,"comment_status":"closed","ping_status":"closed","template":"","meta":{"footnotes":""},"class_list":["post-150","page","type-page","status-publish","hentry"],"_links":{"self":[{"href":"https:\/\/www.valhergo.fr\/index.php?rest_route=\/wp\/v2\/pages\/150","targetHints":{"allow":["GET"]}}],"collection":[{"href":"https:\/\/www.valhergo.fr\/index.php?rest_route=\/wp\/v2\/pages"}],"about":[{"href":"https:\/\/www.valhergo.fr\/index.php?rest_route=\/wp\/v2\/types\/page"}],"author":[{"embeddable":true,"href":"https:\/\/www.valhergo.fr\/index.php?rest_route=\/wp\/v2\/users\/1"}],"replies":[{"embeddable":true,"href":"https:\/\/www.valhergo.fr\/index.php?rest_route=%2Fwp%2Fv2%2Fcomments&post=150"}],"version-history":[{"count":12,"href":"https:\/\/www.valhergo.fr\/index.php?rest_route=\/wp\/v2\/pages\/150\/revisions"}],"predecessor-version":[{"id":959,"href":"https:\/\/www.valhergo.fr\/index.php?rest_route=\/wp\/v2\/pages\/150\/revisions\/959"}],"wp:attachment":[{"href":"https:\/\/www.valhergo.fr\/index.php?rest_route=%2Fwp%2Fv2%2Fmedia&parent=150"}],"curies":[{"name":"wp","href":"https:\/\/api.w.org\/{rel}","templated":true}]}}