{"id":1387,"date":"2026-01-26T10:43:59","date_gmt":"2026-01-26T09:43:59","guid":{"rendered":"https:\/\/www.valhergo.fr\/?page_id=1387"},"modified":"2026-01-26T10:43:59","modified_gmt":"2026-01-26T09:43:59","slug":"lucille-bodin-parcours-et-formations","status":"publish","type":"page","link":"https:\/\/www.valhergo.fr\/?page_id=1387","title":{"rendered":"Lucille BODIN (parcours et formations)"},"content":{"rendered":"\n<p><\/p>\n\n\n\n<h1 class=\"wp-block-heading\"><span style=\"color: #008080;\"><strong>Lucille BODIN&nbsp; &nbsp;&nbsp;<\/strong><\/span><\/h1>\n\n\n\n<p><span style=\"color: #008080;\"><strong>Ergoth\u00e9rapeute D. E.<\/strong><\/span><\/p>\n\n\n\n<p>Apr\u00e8s un baccalaur\u00e9at Scientifique <em>(options Sciences de La Vie et de la Terre)<\/em> et une ann\u00e9e en premi\u00e8re ann\u00e9e de m\u00e9decine<em> (PACES),<\/em> j\u2019ai effectu\u00e9 mes \u00e9tudes au sein\u00a0de l\u2019IFE\u00a0<em>(Institut de formation en ergoth\u00e9rapie) <\/em>\u00e0 <a href=\"https:\/\/www.ghrmsa.fr\/stagiaires-etudiants\/institut-de-formation-aux-metiers-de-la-sante\/institut-de-formation-en-ergotherapie-ife-863.html\"><strong>Mulhouse<\/strong><\/a>.<em>\u00a0<\/em><\/p>\n\n\n\n<p>Durant mes \u00e9tudes et d\u00e8s le Dipl\u00f4me d&rsquo;Etat d&rsquo;Ergoth\u00e9rapeute obtenu (2022), j&rsquo;ai pratiqu\u00e9 \u00e0 Dijon, Avignon et en Vend\u00e9e, aupr\u00e8s d\u2019enfants et d\u2019adultes, au sein de diff\u00e9rents \u00e9tablissements : <\/p>\n\n\n\n<ul class=\"wp-block-list\">\n<li>de Soins M\u00e9dicaux et de R\u00e9adaptation (<strong>SMR<\/strong>),<\/li>\n\n\n\n<li>d&rsquo;Equipe Mobile,<\/li>\n\n\n\n<li>de Soins de Suite et R\u00e9adaptation (<strong>SSR<\/strong>),<\/li>\n\n\n\n<li>d&rsquo;Hospitalisation de jour, d&rsquo;Hospitalisation \u00e0 temps partiel (<strong>HDJ ou HTP<\/strong>),<\/li>\n\n\n\n<li>de Service d&rsquo;Education Sp\u00e9ciale et de Soins \u00e0 Domicile (<strong>SESSAD<\/strong>).<\/li>\n<\/ul>\n\n\n\n<p><span style=\"font-size: 1rem;\">J&rsquo;ai \u00e9galement eu l&rsquo;occasion de voyager en Martinique et \u00e0 la R\u00e9union pendant plusieurs mois<\/span>.<\/p>\n\n\n\n<p>En Vend\u00e9e plus particuli\u00e8rement, j&rsquo;ai pu exercer un an (au total) \u00e0 la&nbsp;<a href=\"http:\/\/www.villa-notre-dame.fr\/\" target=\"_blank\" rel=\"noopener noreferrer\"><span style=\"color: #008080;\">Villa Notre Dame de Saint&nbsp; Gilles Croix de Vie<\/span><\/a><span style=\"color: #008080;\">, <\/span>avec qui je suis toujours en contact et pour qui j&rsquo;effectue encore des remplacements parfois. <\/p>\n\n\n\n<p>Aujourd&rsquo;hui et depuis octobre 2025, j&rsquo;ai rejoint le <mark style=\"background-color:rgba(0, 0, 0, 0);color:#038c83\" class=\"has-inline-color\"><a href=\"https:\/\/www.valhergo.fr\/?page_id=782\" data-type=\"page\" data-id=\"782\" target=\"_blank\" rel=\"noreferrer noopener\">cabinet ValHergO<\/a> <\/mark>de Valentine HERBILLON, qui propose des soins et prestations <strong>au<\/strong> <strong>cabinet, \u00e0 domicile<\/strong>, comme sur tout <strong>autre lieu de vie<\/strong> du patient (\u00e9cole, lieu d&rsquo;activit\u00e9 de loisirs, de travail, supermarch\u00e9, biblioth\u00e8que, etc).<\/p>\n\n\n\n<p>R\u00e9cemment arriv\u00e9e au sein du cabinet donc, je souhaite continuer de me former aupr\u00e8s de Valentine ainsi que d&rsquo;organismes reconnus afin de d\u00e9velopper mes comp\u00e9tences et offrir des accompagnements de qualit\u00e9.<\/p>\n\n\n\n<p>En parall\u00e8le, j&rsquo;occupe un poste en salariat au sein de l&rsquo;<a href=\"https:\/\/www.alefpa.fr\/\" data-type=\"link\" data-id=\"https:\/\/www.alefpa.fr\/\" target=\"_blank\" rel=\"noreferrer noopener\"><mark style=\"background-color:rgba(0, 0, 0, 0);color:#038c83\" class=\"has-inline-color\">association Alefpa<\/mark> <\/a>et j&rsquo;interviens aupr\u00e8s de jeunes lyc\u00e9ens pr\u00e9sentant des troubles du neurod\u00e9veloppement (TND) dans un dispositif d\u2019auto-r\u00e9gulation (<strong>DAR<\/strong>). L\u2019objectif est de les accompagner dans leur scolarit\u00e9 et vie quotidienne en leur proposant divers outils, supports, et conseils. Pour exemples nous pouvons proposer des temps d\u2019\u00e9change, de travail autour de la gestion des \u00e9motions, du vivre ensemble, de la posture d&rsquo;\u00e9l\u00e8ve, et la mise en place de l\u2019outil informatique.\u00a0<\/p>\n\n\n\n<h2 class=\"wp-block-heading\"><strong>Formations depuis le dipl\u00f4me<\/strong> :<\/h2>\n\n\n\n<p><mark style=\"background-color:rgba(0, 0, 0, 0);color:#038c83\" class=\"has-inline-color\"><strong>2026 :<\/strong> MOOC TND : Autisme, Dys, TDAH, TDI<\/mark>, <em>de l\u2019\u00e9cole des TND port\u00e9 par le CHU de Montpellier<\/em><\/p>\n\n\n\n<p><mark style=\"background-color:rgba(0, 0, 0, 0);color:#038c83\" class=\"has-inline-color\"><strong>2025 :<\/strong> Formation initial en autor\u00e9gulation DAR Lyc\u00e9e<\/mark>, <em>de A+ autor\u00e9gulation,<\/em> anim\u00e9e par Marie Ardouin et Alexandrine Badin<\/p>\n\n\n\n<p><mark style=\"background-color:rgba(0, 0, 0, 0);color:#038c83\" class=\"has-inline-color\"><strong>2025 <\/strong>: MOOC AUTISPOC 1 : Socle commun de connaissances sur les Troubles du Spectre de l\u2019Autisme<\/mark>, <em>du CRA de Bordeaux<\/em><\/p>\n\n\n\n<p><mark style=\"background-color:rgba(0, 0, 0, 0);color:#038c83\" class=\"has-inline-color\"><strong>2025 : <\/strong>Journ\u00e9e annuelle EXAC.T : \u00ab le temps et les temporalit\u00e9s des personnes concern\u00e9es par les TND \u00bb<\/mark>, <em>du CRA Pays de la Loire<\/em>, anim\u00e9e par Fanny Gollier-Briant et Fr\u00e9d\u00e9rique Bonnet-Brilhault<\/p>\n\n\n\n<h2 class=\"wp-block-heading\"><\/h2>\n\n\n\n<p><\/p>\n\n\n\n<p><\/p>\n","protected":false},"excerpt":{"rendered":"<p>Lucille BODIN&nbsp; &nbsp;&nbsp; Ergoth\u00e9rapeute D. E. Apr\u00e8s un baccalaur\u00e9at Scientifique (options Sciences de La Vie et de la Terre) et une ann\u00e9e en premi\u00e8re ann\u00e9e de m\u00e9decine (PACES), j\u2019ai effectu\u00e9 mes \u00e9tudes au sein\u00a0de l\u2019IFE\u00a0(Institut de formation en ergoth\u00e9rapie) \u00e0 Mulhouse.\u00a0 Durant mes \u00e9tudes et d\u00e8s le Dipl\u00f4me d&rsquo;Etat d&rsquo;Ergoth\u00e9rapeute obtenu (2022), j&rsquo;ai pratiqu\u00e9 \u00e0 &hellip; <\/p>\n<p class=\"link-more\"><a href=\"https:\/\/www.valhergo.fr\/?page_id=1387\" class=\"more-link\">Continuer la lecture<span class=\"screen-reader-text\"> de &laquo;&nbsp;Lucille BODIN (parcours et formations)&nbsp;&raquo;<\/span><\/a><\/p>\n","protected":false},"author":1,"featured_media":0,"parent":0,"menu_order":0,"comment_status":"closed","ping_status":"closed","template":"","meta":{"footnotes":""},"class_list":["post-1387","page","type-page","status-publish","hentry"],"_links":{"self":[{"href":"https:\/\/www.valhergo.fr\/index.php?rest_route=\/wp\/v2\/pages\/1387","targetHints":{"allow":["GET"]}}],"collection":[{"href":"https:\/\/www.valhergo.fr\/index.php?rest_route=\/wp\/v2\/pages"}],"about":[{"href":"https:\/\/www.valhergo.fr\/index.php?rest_route=\/wp\/v2\/types\/page"}],"author":[{"embeddable":true,"href":"https:\/\/www.valhergo.fr\/index.php?rest_route=\/wp\/v2\/users\/1"}],"replies":[{"embeddable":true,"href":"https:\/\/www.valhergo.fr\/index.php?rest_route=%2Fwp%2Fv2%2Fcomments&post=1387"}],"version-history":[{"count":7,"href":"https:\/\/www.valhergo.fr\/index.php?rest_route=\/wp\/v2\/pages\/1387\/revisions"}],"predecessor-version":[{"id":1396,"href":"https:\/\/www.valhergo.fr\/index.php?rest_route=\/wp\/v2\/pages\/1387\/revisions\/1396"}],"wp:attachment":[{"href":"https:\/\/www.valhergo.fr\/index.php?rest_route=%2Fwp%2Fv2%2Fmedia&parent=1387"}],"curies":[{"name":"wp","href":"https:\/\/api.w.org\/{rel}","templated":true}]}}