{"id":1268,"date":"2025-02-09T17:45:30","date_gmt":"2025-02-09T16:45:30","guid":{"rendered":"https:\/\/www.valhergo.fr\/?page_id=1268"},"modified":"2026-01-26T10:48:18","modified_gmt":"2026-01-26T09:48:18","slug":"specificites-du-cabinet","status":"publish","type":"page","link":"https:\/\/www.valhergo.fr\/?page_id=1268","title":{"rendered":"Sp\u00e9cificit\u00e9s du cabinet"},"content":{"rendered":"\n<p class=\"has-text-align-center\">Les <strong>donn\u00e9es probantes<\/strong> sont aujourd\u2019hui incontournables pour <strong>guider et affirmer le raisonnement comme la pratique clinique des ergoth\u00e9rapeutes<\/strong>. Leurs interventions doivent se baser sur des approches d\u2019intervention valid\u00e9es. <\/p>\n\n\n\n<p class=\"has-text-align-center\">Ainsi,<strong> certaines approches tr\u00e8s sp\u00e9cifiques, pour lesquelles il est n\u00e9cessaire d&rsquo;\u00eatre form\u00e9, peuvent \u00eatre utilis\u00e9es au sein du cabinet ValHergO : <\/strong><\/p>\n\n\n\n<h2 class=\"wp-block-heading\">L&rsquo;Int\u00e9gration Sensorielle selon A. J. Ayres <\/h2>\n\n\n\n<p>L&rsquo;int\u00e9gration Sensorielle selon J. Ayres est une approche et m\u00e9thode d&rsquo;intervention bas\u00e9e sur le <strong>fonctionnement du syst\u00e8me neurologique<\/strong> par rapport au <strong>traitement des informations sensorielles<\/strong>, traitement permettant des <strong>r\u00e9ponses adapt\u00e9es<\/strong> de la part de l&rsquo;enfant et dans diff\u00e9rents environnements comme situations : <\/p>\n\n\n\n<p class=\"has-text-align-center\"><em><mark style=\"background-color:rgba(0, 0, 0, 0);color:#038c83\" class=\"has-inline-color\">Processus neurobiologique qui organise les sensations re\u00e7ues par le corps et l&rsquo;environnement d&rsquo;une personne, afin de lui permettre de <strong>s&rsquo;engager efficacement dans une activit\u00e9<\/strong><\/mark><\/em><\/p>\n\n\n\n<p>Document explicatif r\u00e9dig\u00e9 par l&rsquo;ANFE <em>(Association Nationale Fran\u00e7aise des Ergoth\u00e9rapeutes)<\/em> :<\/p>\n\n\n\n<div class=\"wp-block-group\"><div class=\"wp-block-group__inner-container is-layout-constrained wp-block-group-is-layout-constrained\">\n<div class=\"wp-block-columns is-layout-flex wp-container-core-columns-is-layout-9d6595d7 wp-block-columns-is-layout-flex\">\n<div class=\"wp-block-column is-layout-flow wp-block-column-is-layout-flow\" style=\"flex-basis:100%\">\n<figure class=\"wp-block-gallery has-nested-images columns-default is-cropped wp-block-gallery-1 is-layout-flex wp-block-gallery-is-layout-flex\">\n<figure class=\"wp-block-image size-full\"><a href=\"https:\/\/www.valhergo.fr\/wp-content\/uploads\/2025\/02\/1.jpg\" target=\"_blank\" rel=\"noreferrer noopener\"><img loading=\"lazy\" decoding=\"async\" width=\"1241\" height=\"1755\" data-id=\"1285\" src=\"https:\/\/www.valhergo.fr\/wp-content\/uploads\/2025\/02\/1.jpg\" alt=\"\" class=\"wp-image-1285\" srcset=\"https:\/\/www.valhergo.fr\/wp-content\/uploads\/2025\/02\/1.jpg 1241w, https:\/\/www.valhergo.fr\/wp-content\/uploads\/2025\/02\/1-212x300.jpg 212w, https:\/\/www.valhergo.fr\/wp-content\/uploads\/2025\/02\/1-724x1024.jpg 724w, https:\/\/www.valhergo.fr\/wp-content\/uploads\/2025\/02\/1-768x1086.jpg 768w, https:\/\/www.valhergo.fr\/wp-content\/uploads\/2025\/02\/1-1086x1536.jpg 1086w\" sizes=\"auto, (max-width: 767px) 89vw, (max-width: 1000px) 54vw, (max-width: 1071px) 543px, 580px\" \/><\/a><\/figure>\n\n\n\n<figure class=\"wp-block-image size-full is-style-default\"><a href=\"https:\/\/www.valhergo.fr\/wp-content\/uploads\/2025\/02\/2.jpg\" target=\"_blank\" rel=\"noreferrer noopener\"><img loading=\"lazy\" decoding=\"async\" width=\"1241\" height=\"1755\" data-id=\"1287\" src=\"https:\/\/www.valhergo.fr\/wp-content\/uploads\/2025\/02\/2.jpg\" alt=\"\" class=\"wp-image-1287\" srcset=\"https:\/\/www.valhergo.fr\/wp-content\/uploads\/2025\/02\/2.jpg 1241w, https:\/\/www.valhergo.fr\/wp-content\/uploads\/2025\/02\/2-212x300.jpg 212w, https:\/\/www.valhergo.fr\/wp-content\/uploads\/2025\/02\/2-724x1024.jpg 724w, https:\/\/www.valhergo.fr\/wp-content\/uploads\/2025\/02\/2-768x1086.jpg 768w, https:\/\/www.valhergo.fr\/wp-content\/uploads\/2025\/02\/2-1086x1536.jpg 1086w\" sizes=\"auto, (max-width: 767px) 89vw, (max-width: 1000px) 54vw, (max-width: 1071px) 543px, 580px\" \/><\/a><\/figure>\n<\/figure>\n<\/div>\n<\/div>\n<\/div><\/div>\n\n\n\n<figure class=\"wp-block-gallery has-nested-images columns-default is-cropped wp-block-gallery-2 is-layout-flex wp-block-gallery-is-layout-flex\">\n<figure class=\"wp-block-image size-full\"><a href=\"https:\/\/www.valhergo.fr\/wp-content\/uploads\/2025\/02\/3-1.jpg\" target=\"_blank\" rel=\"noreferrer noopener\"><img loading=\"lazy\" decoding=\"async\" width=\"1241\" height=\"1755\" data-id=\"1290\" src=\"https:\/\/www.valhergo.fr\/wp-content\/uploads\/2025\/02\/3-1.jpg\" alt=\"\" class=\"wp-image-1290\" srcset=\"https:\/\/www.valhergo.fr\/wp-content\/uploads\/2025\/02\/3-1.jpg 1241w, https:\/\/www.valhergo.fr\/wp-content\/uploads\/2025\/02\/3-1-212x300.jpg 212w, https:\/\/www.valhergo.fr\/wp-content\/uploads\/2025\/02\/3-1-724x1024.jpg 724w, https:\/\/www.valhergo.fr\/wp-content\/uploads\/2025\/02\/3-1-768x1086.jpg 768w, https:\/\/www.valhergo.fr\/wp-content\/uploads\/2025\/02\/3-1-1086x1536.jpg 1086w\" sizes=\"auto, (max-width: 767px) 89vw, (max-width: 1000px) 54vw, (max-width: 1071px) 543px, 580px\" \/><\/a><\/figure>\n\n\n\n<figure class=\"wp-block-image size-full\"><a href=\"https:\/\/www.valhergo.fr\/wp-content\/uploads\/2025\/02\/4-1.jpg\" target=\"_blank\" rel=\"noreferrer noopener\"><img loading=\"lazy\" decoding=\"async\" width=\"1241\" height=\"1755\" data-id=\"1289\" src=\"https:\/\/www.valhergo.fr\/wp-content\/uploads\/2025\/02\/4-1.jpg\" alt=\"\" class=\"wp-image-1289\" srcset=\"https:\/\/www.valhergo.fr\/wp-content\/uploads\/2025\/02\/4-1.jpg 1241w, https:\/\/www.valhergo.fr\/wp-content\/uploads\/2025\/02\/4-1-212x300.jpg 212w, https:\/\/www.valhergo.fr\/wp-content\/uploads\/2025\/02\/4-1-724x1024.jpg 724w, https:\/\/www.valhergo.fr\/wp-content\/uploads\/2025\/02\/4-1-768x1086.jpg 768w, https:\/\/www.valhergo.fr\/wp-content\/uploads\/2025\/02\/4-1-1086x1536.jpg 1086w\" sizes=\"auto, (max-width: 767px) 89vw, (max-width: 1000px) 54vw, (max-width: 1071px) 543px, 580px\" \/><\/a><\/figure>\n<\/figure>\n\n\n\n<h2 class=\"wp-block-heading\">Cog Fun <em>(Cognitive Functional Intervention)<\/em>&nbsp;<\/h2>\n\n\n\n<p>L\u2019approche Cog-Fun est une intervention ergoth\u00e9rapique visant \u00e0 am\u00e9liorer la performance occupationnelle de l&rsquo;enfant pr\u00e9sentant un<strong> TDAH.&nbsp;<\/strong>Elle est encours de d\u00e9veloppement pour les adolescents et adultes. <\/p>\n\n\n\n<p>En effet, deux des objectifs principaux de l\u2019approche sont de&nbsp;<strong>promouvoir l\u2019apprentissage de strat\u00e9gies ex\u00e9cutives et d\u00e9velopper le sentiment d\u2019auto-efficacit\u00e9 de l\u2019enfant<\/strong>. Cog-Fun vise l\u2019acquisition et le transfert de strat\u00e9gies cognitives pour favoriser la <strong>performance occupationnelle dans l\u2019environnement naturel de l\u2019enfant.<\/strong> <\/p>\n\n\n\n<p>Les parents sont des <strong>partenaires essentiels<\/strong> dans cette approche, autant dans sa mise en \u0153uvre au domicile que dans la vie quotidienne. Ils accompagnent leur enfant tout au long des s\u00e9ances. <\/p>\n\n\n\n<p><a href=\"https:\/\/ergoennord.fr\/695-2\/\" target=\"_blank\" rel=\"noreferrer noopener\">Pr\u00e9sentation vid\u00e9o de l&rsquo;approche Cog-Fun &#8211; ErgoEnNord<\/a><\/p>\n\n\n\n<p><a href=\"https:\/\/ergoennord.fr\/cog-fun-exemple-de-mise-en-place-de-lapproche-a-travers-laccompagnement-de-leonie\/\" target=\"_blank\" rel=\"noreferrer noopener\">Cog-Fun : exemple de mise en place de l&rsquo;approche &#8211; ErgoEnNord<\/a><\/p>\n\n\n<div class=\"wp-block-image\">\n<figure class=\"aligncenter size-full\"><a href=\"https:\/\/www.valhergo.fr\/wp-content\/uploads\/2025\/02\/image-1.png\" target=\"_blank\" rel=\"noreferrer noopener\"><img loading=\"lazy\" decoding=\"async\" width=\"1178\" height=\"1797\" src=\"https:\/\/www.valhergo.fr\/wp-content\/uploads\/2025\/02\/image-1.png\" alt=\"\" class=\"wp-image-1300\" srcset=\"https:\/\/www.valhergo.fr\/wp-content\/uploads\/2025\/02\/image-1.png 1178w, https:\/\/www.valhergo.fr\/wp-content\/uploads\/2025\/02\/image-1-197x300.png 197w, https:\/\/www.valhergo.fr\/wp-content\/uploads\/2025\/02\/image-1-671x1024.png 671w, https:\/\/www.valhergo.fr\/wp-content\/uploads\/2025\/02\/image-1-768x1172.png 768w, https:\/\/www.valhergo.fr\/wp-content\/uploads\/2025\/02\/image-1-1007x1536.png 1007w\" sizes=\"auto, (max-width: 767px) 89vw, (max-width: 1000px) 54vw, (max-width: 1071px) 543px, 580px\" \/><\/a><\/figure><\/div>\n\n\n<h2 class=\"wp-block-heading\">ABC Boum+<\/h2>\n\n\n\n<p>Approche d&rsquo;enseignement et r\u00e9\u00e9ducation de la graphomotricit\u00e9, guid\u00e9e par la recherche et la pratique. Avec des observations cliniques, des \u00e9valuations et des supports d&rsquo;intervention sp\u00e9cifiques lors de <strong>difficult\u00e9s graphomotrices<\/strong> chez les <strong>enfants <\/strong>. <\/p>\n\n\n<div class=\"wp-block-image\">\n<figure class=\"aligncenter size-full is-resized\"><a href=\"https:\/\/abcboum.net\/\" target=\"_blank\" rel=\"noreferrer noopener\"><img loading=\"lazy\" decoding=\"async\" width=\"224\" height=\"220\" src=\"https:\/\/www.valhergo.fr\/wp-content\/uploads\/2025\/02\/image.png\" alt=\"\" class=\"wp-image-1298\" style=\"width:124px;height:auto\"\/><\/a><\/figure><\/div>\n\n\n<h2 class=\"wp-block-heading\">CO-OP <em>(Cognitive Orientation to Daily Occupational Performance)&nbsp;<\/em><\/h2>\n\n\n\n<p>L&rsquo;intervention est orient\u00e9e sur <strong>l\u2019occupation<\/strong>. L&rsquo;objectif est de favoriser l\u2019acquisition l\u2019habilet\u00e9s et le d\u00e9veloppement du transfert des acquis en vie quotidienne. Le th\u00e9rapeute guide les personnes \u00e0 travers un processus de r\u00e9solution de probl\u00e8mes qui les m\u00e8ne \u00e0 d\u00e9couvrir et \u00e0 appliquer leurs strat\u00e9gies cognitives pour effectuer les <strong>t\u00e2ches du quotidien<\/strong>.<br>De renomm\u00e9e internationale, d\u00e9velopp\u00e9e par des ergoth\u00e9rapeutes et des chercheurs, l\u2019approche CO-OP a d\u00e9montr\u00e9 son efficacit\u00e9 aupr\u00e8s de <strong>diverses populations.<\/strong><\/p>\n\n\n\n<h2 class=\"wp-block-heading\">MCRO (Mesure Canadienne du Rendement Occupationnel)<\/h2>\n\n\n\n<p>\u00ab\u00a0La Mesure Canadienne du Rendement Occupationnel (MCRO) ou Canadian Occupational Performance Measure (COPM), est un <strong>outil standardis\u00e9, valid\u00e9 [&#8230;], fiable, adaptable et cliniquement utile pour les patients mais aussi pour leurs proches<\/strong>.\u00a0\u00bb Elle \u00ab\u00a0favorise la pratique <strong>centr\u00e9e sur la personne et ses occupations<\/strong>, la pratique fond\u00e9e sur les donn\u00e9es probantes, et est utile dans les recherches en r\u00e9adaptation.\u00a0\u00bb \u00ab\u00a0La MCRO est un outil indispensable dans la mise en place du programme CO-OP<em> (Cognitive Orientation to Daily Occupational Performance)<\/em>, aussi bien dans le cadre de la <strong>p\u00e9diatrie <\/strong><em>(Polatajko et al., 2001) <\/em>que chez les <strong>adultes <\/strong>c\u00e9r\u00e9brol\u00e9s\u00e9s <em>(Mc Ewen et al., 2015). <\/em>La MCRO met en \u00e9vidence les <strong>liens qui existent entre la personne, son environnement, ses activit\u00e9s, le sens qu\u2019elle donne \u00e0 sa vie et sa sant\u00e9<\/strong> <em>(Law et al., 2015).<\/em>\u00ab\u00a0<\/p>\n\n\n\n<p>\u00ab\u00a0La MCRO est donc une <strong>\u00e9valuation<\/strong> subjective qui permet de mesurer les <strong>changements qui s&rsquo;op\u00e8rent dans le temps en ce qui concerne le rendement occupationnel de la personne.<\/strong> Elle consiste en un entretien semi-structur\u00e9 qui doit permettre \u00e0 la personne de coter l&rsquo;importance, le rendement et la satisfaction qu&rsquo;elle per\u00e7oit relativement \u00e0 ces occupations.\u00a0\u00bb<\/p>\n\n\n\n<p><\/p>\n\n\n\n<p><em>Tir\u00e9 de l&rsquo;article de Jean-Michel CAIRE, Responsable de la coordination p\u00e9dagogique de l\u2019IFE de Toulouse, PhD Sciences de l\u2019Education, publi\u00e9 dans le LME n\u00b043 de Septembre 2019 : <a href=\"https:\/\/anfe.fr\/wp-content\/uploads\/2021\/01\/LME_Sciences-de-loccupation-de-la-theorie-a-la-pratique_Sept2019_43_1.pdf\" target=\"_blank\" rel=\"noreferrer noopener\">LME_Sciences-de-loccupation-de-la-theorie-a-la-pratique_Sept2019_43_1.pdf<\/a><\/em><\/p>\n","protected":false},"excerpt":{"rendered":"<p>Les donn\u00e9es probantes sont aujourd\u2019hui incontournables pour guider et affirmer le raisonnement comme la pratique clinique des ergoth\u00e9rapeutes. Leurs interventions doivent se baser sur des approches d\u2019intervention valid\u00e9es. Ainsi, certaines approches tr\u00e8s sp\u00e9cifiques, pour lesquelles il est n\u00e9cessaire d&rsquo;\u00eatre form\u00e9, peuvent \u00eatre utilis\u00e9es au sein du cabinet ValHergO : L&rsquo;Int\u00e9gration Sensorielle selon A. J. Ayres &hellip; <\/p>\n<p class=\"link-more\"><a href=\"https:\/\/www.valhergo.fr\/?page_id=1268\" class=\"more-link\">Continuer la lecture<span class=\"screen-reader-text\"> de &laquo;&nbsp;Sp\u00e9cificit\u00e9s du cabinet&nbsp;&raquo;<\/span><\/a><\/p>\n","protected":false},"author":1,"featured_media":0,"parent":0,"menu_order":0,"comment_status":"closed","ping_status":"closed","template":"","meta":{"footnotes":""},"class_list":["post-1268","page","type-page","status-publish","hentry"],"_links":{"self":[{"href":"https:\/\/www.valhergo.fr\/index.php?rest_route=\/wp\/v2\/pages\/1268","targetHints":{"allow":["GET"]}}],"collection":[{"href":"https:\/\/www.valhergo.fr\/index.php?rest_route=\/wp\/v2\/pages"}],"about":[{"href":"https:\/\/www.valhergo.fr\/index.php?rest_route=\/wp\/v2\/types\/page"}],"author":[{"embeddable":true,"href":"https:\/\/www.valhergo.fr\/index.php?rest_route=\/wp\/v2\/users\/1"}],"replies":[{"embeddable":true,"href":"https:\/\/www.valhergo.fr\/index.php?rest_route=%2Fwp%2Fv2%2Fcomments&post=1268"}],"version-history":[{"count":25,"href":"https:\/\/www.valhergo.fr\/index.php?rest_route=\/wp\/v2\/pages\/1268\/revisions"}],"predecessor-version":[{"id":1398,"href":"https:\/\/www.valhergo.fr\/index.php?rest_route=\/wp\/v2\/pages\/1268\/revisions\/1398"}],"wp:attachment":[{"href":"https:\/\/www.valhergo.fr\/index.php?rest_route=%2Fwp%2Fv2%2Fmedia&parent=1268"}],"curies":[{"name":"wp","href":"https:\/\/api.w.org\/{rel}","templated":true}]}}